{"id":9627,"date":"2019-11-28T13:36:32","date_gmt":"2019-11-28T12:36:32","guid":{"rendered":"http:\/\/relaunch.feuerwehr-halberstadt.de\/?page_id=9627"},"modified":"2019-12-18T16:47:17","modified_gmt":"2019-12-18T15:47:17","slug":"wachbetrieb","status":"publish","type":"page","link":"https:\/\/www.feuerwehr-halberstadt.de\/?page_id=9627","title":{"rendered":"Wachbetrieb"},"content":{"rendered":"\n<div class=\"wp-block-image\"><figure class=\"alignleft is-resized\"><img loading=\"lazy\" decoding=\"async\" src=\"http:\/\/relaunch.feuerwehr-halberstadt.de\/wp-content\/uploads\/2019\/12\/IMG_8537.jpg\" alt=\"\" class=\"wp-image-9861\" width=\"303\" height=\"202\" srcset=\"https:\/\/www.feuerwehr-halberstadt.de\/wp-content\/uploads\/2019\/12\/IMG_8537.jpg 1000w, https:\/\/www.feuerwehr-halberstadt.de\/wp-content\/uploads\/2019\/12\/IMG_8537-300x200.jpg 300w, https:\/\/www.feuerwehr-halberstadt.de\/wp-content\/uploads\/2019\/12\/IMG_8537-768x511.jpg 768w\" sizes=\"auto, (max-width: 303px) 100vw, 303px\" \/><\/figure><\/div>\n\n\n\n<p><strong>07:00 Uhr<\/strong>: Dienstbeginn und Wach\u00fcbernahme in der Fahrzeughalle, anschlie\u00dfend Check der Fahrzeuge und Technik<br><br><strong>08:00 &#8211; 12:00 Uhr<\/strong>: Arbeits-, \u00dcbungs- und Ausbildungsdienst &#8211; st\u00e4ndige Aus- und Fortbildung ist ein Muss f\u00fcr jeden Mitarbeiter. <br><br><strong>13:00 &#8211; 18:30 Uhr<\/strong>: Arbeitsdienst &#8211; W\u00e4hrend der alarmfreien Zeit besteht f\u00fcr die Mitarbeiter die Aufgabe, die Pflege und Wartung der umfangreichen Technik durchzuf\u00fchren. Jeder Mitarbeiter, wird nach Abschluss seiner Ausbildung, einem der acht Sachgebiete (Atemschutzwerkstatt, Feuerl\u00f6scherwerkstatt, Lager, KFZ-Werkstatt, Funkwerkstatt, Bekleidungskammer, Geb\u00e4udetechnik oder \u00d6ffentlichkeitsarbeit) zugeordnet. <br><br><strong>18:30 &#8211; 06:30 Uhr<\/strong>: Bereitschaftszeit, in der jeder Mitarbeiter die Zeit individuell nutzen kann, z.B. im Sportraum zur Erhaltung der k\u00f6rperlichen Fitness oder im Ruhe- oder Fernsehraum<br><br><strong>06:30 &#8211; 07:00 Uhr<\/strong>: Vorbereitung der Dienst\u00fcbergabe<br><\/p>\n\n\n\n<ul class=\"wp-block-gallery columns-2 is-cropped wp-block-gallery-1 is-layout-flex wp-block-gallery-is-layout-flex\"><li class=\"blocks-gallery-item\"><figure><a href=\"http:\/\/relaunch.feuerwehr-halberstadt.de\/wp-content\/uploads\/2019\/12\/IMG_8549.jpg\"><img loading=\"lazy\" decoding=\"async\" width=\"1000\" height=\"666\" src=\"http:\/\/relaunch.feuerwehr-halberstadt.de\/wp-content\/uploads\/2019\/12\/IMG_8549.jpg\" alt=\"\" data-id=\"9860\" data-link=\"http:\/\/relaunch.feuerwehr-halberstadt.de\/?attachment_id=9860\" class=\"wp-image-9860\" srcset=\"https:\/\/www.feuerwehr-halberstadt.de\/wp-content\/uploads\/2019\/12\/IMG_8549.jpg 1000w, https:\/\/www.feuerwehr-halberstadt.de\/wp-content\/uploads\/2019\/12\/IMG_8549-300x200.jpg 300w, https:\/\/www.feuerwehr-halberstadt.de\/wp-content\/uploads\/2019\/12\/IMG_8549-768x511.jpg 768w\" sizes=\"auto, (max-width: 1000px) 100vw, 1000px\" \/><\/a><\/figure><\/li><li class=\"blocks-gallery-item\"><figure><a href=\"http:\/\/relaunch.feuerwehr-halberstadt.de\/wp-content\/uploads\/2019\/12\/IMG_8545.jpg\"><img loading=\"lazy\" decoding=\"async\" width=\"1000\" height=\"666\" src=\"http:\/\/relaunch.feuerwehr-halberstadt.de\/wp-content\/uploads\/2019\/12\/IMG_8545.jpg\" alt=\"\" data-id=\"9862\" data-link=\"http:\/\/relaunch.feuerwehr-halberstadt.de\/?attachment_id=9862\" class=\"wp-image-9862\" srcset=\"https:\/\/www.feuerwehr-halberstadt.de\/wp-content\/uploads\/2019\/12\/IMG_8545.jpg 1000w, https:\/\/www.feuerwehr-halberstadt.de\/wp-content\/uploads\/2019\/12\/IMG_8545-300x200.jpg 300w, https:\/\/www.feuerwehr-halberstadt.de\/wp-content\/uploads\/2019\/12\/IMG_8545-768x511.jpg 768w\" sizes=\"auto, (max-width: 1000px) 100vw, 1000px\" \/><\/a><\/figure><\/li><\/ul>\n","protected":false},"excerpt":{"rendered":"<p>07:00 Uhr: Dienstbeginn und Wach\u00fcbernahme in der Fahrzeughalle, anschlie\u00dfend Check der Fahrzeuge und Technik 08:00 &#8211; 12:00 Uhr: Arbeits-, \u00dcbungs- und Ausbildungsdienst &#8211; st\u00e4ndige Aus- und Fortbildung ist ein Muss f\u00fcr jeden Mitarbeiter. 13:00 &#8211; 18:30 Uhr: Arbeitsdienst &#8211; W\u00e4hrend der alarmfreien Zeit besteht f\u00fcr die Mitarbeiter die Aufgabe, die Pflege und Wartung der umfangreichen [&hellip;]<\/p>\n","protected":false},"author":3,"featured_media":0,"parent":0,"menu_order":0,"comment_status":"closed","ping_status":"closed","template":"","meta":{"_acf_changed":false,"footnotes":""},"class_list":["post-9627","page","type-page","status-publish","hentry"],"acf":[],"yoast_head":"<!-- This site is optimized with the Yoast SEO plugin v27.4 - https:\/\/yoast.com\/product\/yoast-seo-wordpress\/ -->\n<title>Wachbetrieb - Feuerwehr Halberstadt<\/title>\n<meta name=\"robots\" content=\"index, follow, max-snippet:-1, max-image-preview:large, max-video-preview:-1\" \/>\n<link rel=\"canonical\" href=\"https:\/\/www.feuerwehr-halberstadt.de\/?page_id=9627\" \/>\n<meta property=\"og:locale\" content=\"de_DE\" \/>\n<meta property=\"og:type\" content=\"article\" \/>\n<meta property=\"og:title\" content=\"Wachbetrieb - Feuerwehr Halberstadt\" \/>\n<meta property=\"og:description\" content=\"07:00 Uhr: Dienstbeginn und Wach\u00fcbernahme in der Fahrzeughalle, anschlie\u00dfend Check der Fahrzeuge und Technik 08:00 &#8211; 12:00 Uhr: Arbeits-, \u00dcbungs- und Ausbildungsdienst &#8211; st\u00e4ndige Aus- und Fortbildung ist ein Muss f\u00fcr jeden Mitarbeiter. 13:00 &#8211; 18:30 Uhr: Arbeitsdienst &#8211; W\u00e4hrend der alarmfreien Zeit besteht f\u00fcr die Mitarbeiter die Aufgabe, die Pflege und Wartung der umfangreichen [&hellip;]\" \/>\n<meta property=\"og:url\" content=\"https:\/\/www.feuerwehr-halberstadt.de\/?page_id=9627\" \/>\n<meta property=\"og:site_name\" content=\"Feuerwehr Halberstadt\" \/>\n<meta property=\"article:publisher\" content=\"https:\/\/www.facebook.com\/FeuerwehrHalberstadt\/\" \/>\n<meta property=\"article:modified_time\" content=\"2019-12-18T15:47:17+00:00\" \/>\n<meta property=\"og:image\" content=\"http:\/\/relaunch.feuerwehr-halberstadt.de\/wp-content\/uploads\/2019\/12\/IMG_8537.jpg\" \/>\n<meta name=\"twitter:card\" content=\"summary_large_image\" \/>\n<meta name=\"twitter:label1\" content=\"Gesch\u00e4tzte Lesezeit\" \/>\n\t<meta name=\"twitter:data1\" content=\"1\u00a0Minute\" \/>\n<script type=\"application\/ld+json\" class=\"yoast-schema-graph\">{\"@context\":\"https:\\\/\\\/schema.org\",\"@graph\":[{\"@type\":\"WebPage\",\"@id\":\"https:\\\/\\\/www.feuerwehr-halberstadt.de\\\/?page_id=9627\",\"url\":\"https:\\\/\\\/www.feuerwehr-halberstadt.de\\\/?page_id=9627\",\"name\":\"Wachbetrieb - Feuerwehr Halberstadt\",\"isPartOf\":{\"@id\":\"https:\\\/\\\/www.feuerwehr-halberstadt.de\\\/#website\"},\"primaryImageOfPage\":{\"@id\":\"https:\\\/\\\/www.feuerwehr-halberstadt.de\\\/?page_id=9627#primaryimage\"},\"image\":{\"@id\":\"https:\\\/\\\/www.feuerwehr-halberstadt.de\\\/?page_id=9627#primaryimage\"},\"thumbnailUrl\":\"http:\\\/\\\/relaunch.feuerwehr-halberstadt.de\\\/wp-content\\\/uploads\\\/2019\\\/12\\\/IMG_8537.jpg\",\"datePublished\":\"2019-11-28T12:36:32+00:00\",\"dateModified\":\"2019-12-18T15:47:17+00:00\",\"breadcrumb\":{\"@id\":\"https:\\\/\\\/www.feuerwehr-halberstadt.de\\\/?page_id=9627#breadcrumb\"},\"inLanguage\":\"de\",\"potentialAction\":[{\"@type\":\"ReadAction\",\"target\":[\"https:\\\/\\\/www.feuerwehr-halberstadt.de\\\/?page_id=9627\"]}]},{\"@type\":\"ImageObject\",\"inLanguage\":\"de\",\"@id\":\"https:\\\/\\\/www.feuerwehr-halberstadt.de\\\/?page_id=9627#primaryimage\",\"url\":\"http:\\\/\\\/relaunch.feuerwehr-halberstadt.de\\\/wp-content\\\/uploads\\\/2019\\\/12\\\/IMG_8537.jpg\",\"contentUrl\":\"http:\\\/\\\/relaunch.feuerwehr-halberstadt.de\\\/wp-content\\\/uploads\\\/2019\\\/12\\\/IMG_8537.jpg\"},{\"@type\":\"BreadcrumbList\",\"@id\":\"https:\\\/\\\/www.feuerwehr-halberstadt.de\\\/?page_id=9627#breadcrumb\",\"itemListElement\":[{\"@type\":\"ListItem\",\"position\":1,\"name\":\"Startseite\",\"item\":\"https:\\\/\\\/www.feuerwehr-halberstadt.de\\\/\"},{\"@type\":\"ListItem\",\"position\":2,\"name\":\"Wachbetrieb\"}]},{\"@type\":\"WebSite\",\"@id\":\"https:\\\/\\\/www.feuerwehr-halberstadt.de\\\/#website\",\"url\":\"https:\\\/\\\/www.feuerwehr-halberstadt.de\\\/\",\"name\":\"Feuerwehr Halberstadt\",\"description\":\"#imEinsatzf\u00fcrHalberstadt\",\"publisher\":{\"@id\":\"https:\\\/\\\/www.feuerwehr-halberstadt.de\\\/#organization\"},\"potentialAction\":[{\"@type\":\"SearchAction\",\"target\":{\"@type\":\"EntryPoint\",\"urlTemplate\":\"https:\\\/\\\/www.feuerwehr-halberstadt.de\\\/?s={search_term_string}\"},\"query-input\":{\"@type\":\"PropertyValueSpecification\",\"valueRequired\":true,\"valueName\":\"search_term_string\"}}],\"inLanguage\":\"de\"},{\"@type\":\"Organization\",\"@id\":\"https:\\\/\\\/www.feuerwehr-halberstadt.de\\\/#organization\",\"name\":\"Feuerwehr Halberstadt\",\"url\":\"https:\\\/\\\/www.feuerwehr-halberstadt.de\\\/\",\"logo\":{\"@type\":\"ImageObject\",\"inLanguage\":\"de\",\"@id\":\"https:\\\/\\\/www.feuerwehr-halberstadt.de\\\/#\\\/schema\\\/logo\\\/image\\\/\",\"url\":\"https:\\\/\\\/www.feuerwehr-halberstadt.de\\\/wp-content\\\/uploads\\\/2023\\\/10\\\/IMG_0126.png\",\"contentUrl\":\"https:\\\/\\\/www.feuerwehr-halberstadt.de\\\/wp-content\\\/uploads\\\/2023\\\/10\\\/IMG_0126.png\",\"width\":1500,\"height\":399,\"caption\":\"Feuerwehr Halberstadt\"},\"image\":{\"@id\":\"https:\\\/\\\/www.feuerwehr-halberstadt.de\\\/#\\\/schema\\\/logo\\\/image\\\/\"},\"sameAs\":[\"https:\\\/\\\/www.facebook.com\\\/FeuerwehrHalberstadt\\\/\"]}]}<\/script>\n<!-- \/ Yoast SEO plugin. -->","yoast_head_json":{"title":"Wachbetrieb - Feuerwehr Halberstadt","robots":{"index":"index","follow":"follow","max-snippet":"max-snippet:-1","max-image-preview":"max-image-preview:large","max-video-preview":"max-video-preview:-1"},"canonical":"https:\/\/www.feuerwehr-halberstadt.de\/?page_id=9627","og_locale":"de_DE","og_type":"article","og_title":"Wachbetrieb - Feuerwehr Halberstadt","og_description":"07:00 Uhr: Dienstbeginn und Wach\u00fcbernahme in der Fahrzeughalle, anschlie\u00dfend Check der Fahrzeuge und Technik 08:00 &#8211; 12:00 Uhr: Arbeits-, \u00dcbungs- und Ausbildungsdienst &#8211; st\u00e4ndige Aus- und Fortbildung ist ein Muss f\u00fcr jeden Mitarbeiter. 13:00 &#8211; 18:30 Uhr: Arbeitsdienst &#8211; W\u00e4hrend der alarmfreien Zeit besteht f\u00fcr die Mitarbeiter die Aufgabe, die Pflege und Wartung der umfangreichen [&hellip;]","og_url":"https:\/\/www.feuerwehr-halberstadt.de\/?page_id=9627","og_site_name":"Feuerwehr Halberstadt","article_publisher":"https:\/\/www.facebook.com\/FeuerwehrHalberstadt\/","article_modified_time":"2019-12-18T15:47:17+00:00","og_image":[{"url":"http:\/\/relaunch.feuerwehr-halberstadt.de\/wp-content\/uploads\/2019\/12\/IMG_8537.jpg","type":"","width":"","height":""}],"twitter_card":"summary_large_image","twitter_misc":{"Gesch\u00e4tzte Lesezeit":"1\u00a0Minute"},"schema":{"@context":"https:\/\/schema.org","@graph":[{"@type":"WebPage","@id":"https:\/\/www.feuerwehr-halberstadt.de\/?page_id=9627","url":"https:\/\/www.feuerwehr-halberstadt.de\/?page_id=9627","name":"Wachbetrieb - Feuerwehr Halberstadt","isPartOf":{"@id":"https:\/\/www.feuerwehr-halberstadt.de\/#website"},"primaryImageOfPage":{"@id":"https:\/\/www.feuerwehr-halberstadt.de\/?page_id=9627#primaryimage"},"image":{"@id":"https:\/\/www.feuerwehr-halberstadt.de\/?page_id=9627#primaryimage"},"thumbnailUrl":"http:\/\/relaunch.feuerwehr-halberstadt.de\/wp-content\/uploads\/2019\/12\/IMG_8537.jpg","datePublished":"2019-11-28T12:36:32+00:00","dateModified":"2019-12-18T15:47:17+00:00","breadcrumb":{"@id":"https:\/\/www.feuerwehr-halberstadt.de\/?page_id=9627#breadcrumb"},"inLanguage":"de","potentialAction":[{"@type":"ReadAction","target":["https:\/\/www.feuerwehr-halberstadt.de\/?page_id=9627"]}]},{"@type":"ImageObject","inLanguage":"de","@id":"https:\/\/www.feuerwehr-halberstadt.de\/?page_id=9627#primaryimage","url":"http:\/\/relaunch.feuerwehr-halberstadt.de\/wp-content\/uploads\/2019\/12\/IMG_8537.jpg","contentUrl":"http:\/\/relaunch.feuerwehr-halberstadt.de\/wp-content\/uploads\/2019\/12\/IMG_8537.jpg"},{"@type":"BreadcrumbList","@id":"https:\/\/www.feuerwehr-halberstadt.de\/?page_id=9627#breadcrumb","itemListElement":[{"@type":"ListItem","position":1,"name":"Startseite","item":"https:\/\/www.feuerwehr-halberstadt.de\/"},{"@type":"ListItem","position":2,"name":"Wachbetrieb"}]},{"@type":"WebSite","@id":"https:\/\/www.feuerwehr-halberstadt.de\/#website","url":"https:\/\/www.feuerwehr-halberstadt.de\/","name":"Feuerwehr Halberstadt","description":"#imEinsatzf\u00fcrHalberstadt","publisher":{"@id":"https:\/\/www.feuerwehr-halberstadt.de\/#organization"},"potentialAction":[{"@type":"SearchAction","target":{"@type":"EntryPoint","urlTemplate":"https:\/\/www.feuerwehr-halberstadt.de\/?s={search_term_string}"},"query-input":{"@type":"PropertyValueSpecification","valueRequired":true,"valueName":"search_term_string"}}],"inLanguage":"de"},{"@type":"Organization","@id":"https:\/\/www.feuerwehr-halberstadt.de\/#organization","name":"Feuerwehr Halberstadt","url":"https:\/\/www.feuerwehr-halberstadt.de\/","logo":{"@type":"ImageObject","inLanguage":"de","@id":"https:\/\/www.feuerwehr-halberstadt.de\/#\/schema\/logo\/image\/","url":"https:\/\/www.feuerwehr-halberstadt.de\/wp-content\/uploads\/2023\/10\/IMG_0126.png","contentUrl":"https:\/\/www.feuerwehr-halberstadt.de\/wp-content\/uploads\/2023\/10\/IMG_0126.png","width":1500,"height":399,"caption":"Feuerwehr Halberstadt"},"image":{"@id":"https:\/\/www.feuerwehr-halberstadt.de\/#\/schema\/logo\/image\/"},"sameAs":["https:\/\/www.facebook.com\/FeuerwehrHalberstadt\/"]}]}},"_links":{"self":[{"href":"https:\/\/www.feuerwehr-halberstadt.de\/index.php?rest_route=\/wp\/v2\/pages\/9627","targetHints":{"allow":["GET"]}}],"collection":[{"href":"https:\/\/www.feuerwehr-halberstadt.de\/index.php?rest_route=\/wp\/v2\/pages"}],"about":[{"href":"https:\/\/www.feuerwehr-halberstadt.de\/index.php?rest_route=\/wp\/v2\/types\/page"}],"author":[{"embeddable":true,"href":"https:\/\/www.feuerwehr-halberstadt.de\/index.php?rest_route=\/wp\/v2\/users\/3"}],"replies":[{"embeddable":true,"href":"https:\/\/www.feuerwehr-halberstadt.de\/index.php?rest_route=%2Fwp%2Fv2%2Fcomments&post=9627"}],"version-history":[{"count":14,"href":"https:\/\/www.feuerwehr-halberstadt.de\/index.php?rest_route=\/wp\/v2\/pages\/9627\/revisions"}],"predecessor-version":[{"id":9884,"href":"https:\/\/www.feuerwehr-halberstadt.de\/index.php?rest_route=\/wp\/v2\/pages\/9627\/revisions\/9884"}],"wp:attachment":[{"href":"https:\/\/www.feuerwehr-halberstadt.de\/index.php?rest_route=%2Fwp%2Fv2%2Fmedia&parent=9627"}],"curies":[{"name":"wp","href":"https:\/\/api.w.org\/{rel}","templated":true}]}}