{"id":690,"date":"2019-09-02T15:35:08","date_gmt":"2019-09-02T13:35:08","guid":{"rendered":"http:\/\/relaunch.feuerwehr-halberstadt.de\/?page_id=690"},"modified":"2026-02-02T17:13:59","modified_gmt":"2026-02-02T16:13:59","slug":"jf-emersleben","status":"publish","type":"page","link":"https:\/\/www.feuerwehr-halberstadt.de\/?page_id=690","title":{"rendered":"Kinder- und Jugendfeuerwehren"},"content":{"rendered":"\n<p>Die Kinder- und Jugendfeuerwehren der Feuerwehr Halberstadt bieten jungen Menschen die M\u00f6glichkeit, spielerisch und altersgerecht die Aufgaben der Feuerwehr kennenzulernen. Im Mittelpunkt stehen dabei Gemeinschaft, Teamgeist und die F\u00f6rderung von Verantwortungsbewusstsein \u2013 immer angepasst an das jeweilige Alter der Kinder und Jugendlichen.<\/p>\n\n\n\n<p>In der <strong>Kinderfeuerwehr<\/strong> werden M\u00e4dchen und Jungen fr\u00fchzeitig an Themen wie Brandschutz, Erste Hilfe und das richtige Verhalten in Notsituationen herangef\u00fchrt. Spielerische Aktivit\u00e4ten, Bastelangebote und gemeinsame Ausfl\u00fcge sorgen f\u00fcr Abwechslung und st\u00e4rken den Zusammenhalt.<\/p>\n\n\n\n<p>Die <strong>Jugendfeuerwehr<\/strong> baut darauf auf und vermittelt zus\u00e4tzlich feuerwehrtechnische Grundlagen, wie den Umgang mit Ger\u00e4ten, einfache L\u00f6sch\u00fcbungen und Fahrzeugkunde. Neben der Vorbereitung auf den sp\u00e4teren aktiven Dienst stehen auch Sport, Wettk\u00e4mpfe, Zeltlager und gemeinsame Veranstaltungen auf dem Programm.<\/p>\n\n\n\n<p>Beide Abteilungen leisten einen wichtigen Beitrag zur Nachwuchsgewinnung der Feuerwehr und zur sinnvollen Freizeitgestaltung von Kindern und Jugendlichen in Halberstadt.<\/p>\n\n\n\n<p>Interessierte Kinder, Jugendliche und Eltern sind herzlich eingeladen, sich zu informieren oder unverbindlich Kontakt aufzunehmen. Die Kontaktdaten der jeweiligen <strong>Kinder- und Jugendwarte<\/strong> sind in der untenstehenden Tabelle aufgef\u00fchrt.<\/p>\n\n\n\n<figure class=\"wp-block-table table table-hover table-striped is-style-stripes\" style=\"font-size:17px\"><table class=\"table table-hover table-striped\"><thead><tr><th><\/th><th>Treff<\/th><th>Uhrzeit<\/th><th>Ansprechpartner<\/th><th>Ort<\/th><\/tr><\/thead><tbody><tr><td>Jugendfeuerwehr Halberstadt<\/td><td>jeden Freitag<\/td><td>16:00 &#8211; 18:30 Uhr<\/td><td>Sven Leistner<br>Tel.: 0151\/27521003<br>E-Mail: <a href=\"https:\/\/www.feuerwehr-halberstadt.de\/wp-admin\">jugendfeuerwehr.halberstadt@gmail.com<\/a><\/td><td>Feuer- und Umweltwache Halberstadt<br>Am Breiten Tor 2<br>38820 Halberstadt<\/td><\/tr><tr><td>Kinderfeuerwehr Halberstadt<\/td><td>alle zwei Wochen Samstag<\/td><td>10:00 &#8211; 12:00 Uhr<\/td><td>Janine R\u00f6\u00dfling<br>Tel.: 0170\/9674144<br>E-Mail: <a href=\"mailto:janine_hinze@web.de\">janine_hinze@web.de<\/a><\/td><td>Feuer- und Umweltwache Halberstadt<br>Am Breiten Tor 2<br>38820 Halberstadt<\/td><\/tr><tr><td>Kinder- und Jugendfeuerwehr Emersleben<\/td><td>alle zwei Wochen Montag<\/td><td>ab 16:30 Uhr<\/td><td>Andreas Groth<br>Tel.: <br>E-Mail: <br><\/td><td>Ger\u00e4tehaus Emersleben<br>Gartenstra\u00dfe 6<br>38822 Emersleben<\/td><\/tr><tr><td>Jugendfeuerwehr Str\u00f6beck<\/td><td>   &#8211;<\/td><td>   &#8211;<\/td><td>Andr\u00e9 Loeffke<br>Tel.: 0176\/23693608<br>E-Mail: <a href=\"mailto:stroebeck@feuerwehr-halberstadt.de\">stroebeck@feuerwehr-halberstadt.de<\/a><\/td><td>Ger\u00e4tehaus Str\u00f6beck<br>Untere Dorfstra\u00dfe 4<br>38822 Schachdorf Str\u00f6beck<\/td><\/tr><tr><td>Kinder- und Jugendfeuerwehr Sargstedt<\/td><td>alle zwei Wochen Freitag<\/td><td>ab 16:30 Uhr<\/td><td>Tim Wilsenack, Katja K\u00f6sling<br>E-Mail: <a href=\"mailto:sargstedt@feuerwehr-halberstadt.de\">sargstedt@feuerwehr-halberstadt.de<\/a><\/td><td>Ger\u00e4tehaus Sargstedt<br>Halberst\u00e4dter Stra\u00dfe 12a<br>38822 Sargstedt<\/td><\/tr><tr><td>Kinder- und Jugendfeuerwehr Klein Quenstedt<\/td><td>jeden Freitag<\/td><td>ab 16:00 Uhr<\/td><td>Franziska Klaus, Steven Krov<br>Tel.: 0152\/04177353<br>E-Mail: <a href=\"mailto:stevenkrov@gmail.com\">stevenkrov@gmail.com<\/a><\/td><td>Ger\u00e4tehaus Klein Quenstedt<br>Kirchstra\u00dfe 77<br>38822 Klein Quenstedt<\/td><\/tr><tr><td>Kinder- und Jugendfeuerwehr Langenstein<\/td><td>   &#8211;<\/td><td>   &#8211;<\/td><td>                 &#8211;<\/td><td>GH Langenstein<br>Hoppelbergweg 24<br>38895 Langenstein<\/td><\/tr><\/tbody><\/table><\/figure>\n\n\n\n<figure class=\"wp-block-gallery has-nested-images columns-2 is-cropped wp-block-gallery-1 is-layout-flex wp-block-gallery-is-layout-flex\">\n<figure class=\"wp-block-image size-full\"><img loading=\"lazy\" decoding=\"async\" width=\"900\" height=\"506\" data-id=\"12637\" src=\"https:\/\/www.feuerwehr-halberstadt.de\/wp-content\/uploads\/2022\/08\/6d16c3ed-0e35-4b21-9241-94e5aac2fef7.jpeg\" alt=\"\" class=\"wp-image-12637\" srcset=\"https:\/\/www.feuerwehr-halberstadt.de\/wp-content\/uploads\/2022\/08\/6d16c3ed-0e35-4b21-9241-94e5aac2fef7.jpeg 900w, https:\/\/www.feuerwehr-halberstadt.de\/wp-content\/uploads\/2022\/08\/6d16c3ed-0e35-4b21-9241-94e5aac2fef7-300x169.jpeg 300w, https:\/\/www.feuerwehr-halberstadt.de\/wp-content\/uploads\/2022\/08\/6d16c3ed-0e35-4b21-9241-94e5aac2fef7-768x432.jpeg 768w\" sizes=\"auto, (max-width: 900px) 100vw, 900px\" \/><\/figure>\n\n\n\n<figure class=\"wp-block-image size-full\"><img loading=\"lazy\" decoding=\"async\" width=\"1024\" height=\"576\" data-id=\"13031\" src=\"https:\/\/www.feuerwehr-halberstadt.de\/wp-content\/uploads\/2023\/01\/D87313D4-36EC-47DE-B4C1-B0A87140A9F2.jpeg\" alt=\"\" class=\"wp-image-13031\" srcset=\"https:\/\/www.feuerwehr-halberstadt.de\/wp-content\/uploads\/2023\/01\/D87313D4-36EC-47DE-B4C1-B0A87140A9F2.jpeg 1024w, https:\/\/www.feuerwehr-halberstadt.de\/wp-content\/uploads\/2023\/01\/D87313D4-36EC-47DE-B4C1-B0A87140A9F2-300x169.jpeg 300w, https:\/\/www.feuerwehr-halberstadt.de\/wp-content\/uploads\/2023\/01\/D87313D4-36EC-47DE-B4C1-B0A87140A9F2-768x432.jpeg 768w\" sizes=\"auto, (max-width: 1024px) 100vw, 1024px\" \/><\/figure>\n\n\n\n<figure class=\"wp-block-image size-full\"><img loading=\"lazy\" decoding=\"async\" width=\"1920\" height=\"1080\" data-id=\"12722\" src=\"https:\/\/www.feuerwehr-halberstadt.de\/wp-content\/uploads\/2022\/10\/179505AE-F5C5-4217-8C81-869B4E5D6AEB.jpeg\" alt=\"\" class=\"wp-image-12722\" srcset=\"https:\/\/www.feuerwehr-halberstadt.de\/wp-content\/uploads\/2022\/10\/179505AE-F5C5-4217-8C81-869B4E5D6AEB.jpeg 1920w, https:\/\/www.feuerwehr-halberstadt.de\/wp-content\/uploads\/2022\/10\/179505AE-F5C5-4217-8C81-869B4E5D6AEB-300x169.jpeg 300w, https:\/\/www.feuerwehr-halberstadt.de\/wp-content\/uploads\/2022\/10\/179505AE-F5C5-4217-8C81-869B4E5D6AEB-1024x576.jpeg 1024w, https:\/\/www.feuerwehr-halberstadt.de\/wp-content\/uploads\/2022\/10\/179505AE-F5C5-4217-8C81-869B4E5D6AEB-768x432.jpeg 768w, https:\/\/www.feuerwehr-halberstadt.de\/wp-content\/uploads\/2022\/10\/179505AE-F5C5-4217-8C81-869B4E5D6AEB-1536x864.jpeg 1536w\" sizes=\"auto, (max-width: 1920px) 100vw, 1920px\" \/><\/figure>\n\n\n\n<figure class=\"wp-block-image size-full\"><img loading=\"lazy\" decoding=\"async\" width=\"1920\" height=\"1280\" data-id=\"12716\" src=\"https:\/\/www.feuerwehr-halberstadt.de\/wp-content\/uploads\/2022\/10\/74B80AE2-AC6A-415D-9E63-DDE4FCC6BB12.jpeg\" alt=\"\" class=\"wp-image-12716\" srcset=\"https:\/\/www.feuerwehr-halberstadt.de\/wp-content\/uploads\/2022\/10\/74B80AE2-AC6A-415D-9E63-DDE4FCC6BB12.jpeg 1920w, https:\/\/www.feuerwehr-halberstadt.de\/wp-content\/uploads\/2022\/10\/74B80AE2-AC6A-415D-9E63-DDE4FCC6BB12-300x200.jpeg 300w, https:\/\/www.feuerwehr-halberstadt.de\/wp-content\/uploads\/2022\/10\/74B80AE2-AC6A-415D-9E63-DDE4FCC6BB12-1024x683.jpeg 1024w, https:\/\/www.feuerwehr-halberstadt.de\/wp-content\/uploads\/2022\/10\/74B80AE2-AC6A-415D-9E63-DDE4FCC6BB12-768x512.jpeg 768w, https:\/\/www.feuerwehr-halberstadt.de\/wp-content\/uploads\/2022\/10\/74B80AE2-AC6A-415D-9E63-DDE4FCC6BB12-1536x1024.jpeg 1536w\" sizes=\"auto, (max-width: 1920px) 100vw, 1920px\" \/><\/figure>\n\n\n\n<figure class=\"wp-block-image size-full\"><img loading=\"lazy\" decoding=\"async\" width=\"1920\" height=\"1280\" data-id=\"12707\" src=\"https:\/\/www.feuerwehr-halberstadt.de\/wp-content\/uploads\/2022\/10\/685CD14F-9D48-4E56-B07E-7F6BEF6D8D6E.jpeg\" alt=\"\" class=\"wp-image-12707\" srcset=\"https:\/\/www.feuerwehr-halberstadt.de\/wp-content\/uploads\/2022\/10\/685CD14F-9D48-4E56-B07E-7F6BEF6D8D6E.jpeg 1920w, https:\/\/www.feuerwehr-halberstadt.de\/wp-content\/uploads\/2022\/10\/685CD14F-9D48-4E56-B07E-7F6BEF6D8D6E-300x200.jpeg 300w, https:\/\/www.feuerwehr-halberstadt.de\/wp-content\/uploads\/2022\/10\/685CD14F-9D48-4E56-B07E-7F6BEF6D8D6E-1024x683.jpeg 1024w, https:\/\/www.feuerwehr-halberstadt.de\/wp-content\/uploads\/2022\/10\/685CD14F-9D48-4E56-B07E-7F6BEF6D8D6E-768x512.jpeg 768w, https:\/\/www.feuerwehr-halberstadt.de\/wp-content\/uploads\/2022\/10\/685CD14F-9D48-4E56-B07E-7F6BEF6D8D6E-1536x1024.jpeg 1536w\" sizes=\"auto, (max-width: 1920px) 100vw, 1920px\" \/><\/figure>\n\n\n\n<figure class=\"wp-block-image size-full\"><img loading=\"lazy\" decoding=\"async\" width=\"1600\" height=\"1066\" data-id=\"12346\" src=\"https:\/\/www.feuerwehr-halberstadt.de\/wp-content\/uploads\/2022\/05\/13A85EC7-53F9-4EDF-9C36-CBEFD904C3E4.jpeg\" alt=\"\" class=\"wp-image-12346\" srcset=\"https:\/\/www.feuerwehr-halberstadt.de\/wp-content\/uploads\/2022\/05\/13A85EC7-53F9-4EDF-9C36-CBEFD904C3E4.jpeg 1600w, https:\/\/www.feuerwehr-halberstadt.de\/wp-content\/uploads\/2022\/05\/13A85EC7-53F9-4EDF-9C36-CBEFD904C3E4-300x200.jpeg 300w, https:\/\/www.feuerwehr-halberstadt.de\/wp-content\/uploads\/2022\/05\/13A85EC7-53F9-4EDF-9C36-CBEFD904C3E4-1024x682.jpeg 1024w, https:\/\/www.feuerwehr-halberstadt.de\/wp-content\/uploads\/2022\/05\/13A85EC7-53F9-4EDF-9C36-CBEFD904C3E4-768x512.jpeg 768w, https:\/\/www.feuerwehr-halberstadt.de\/wp-content\/uploads\/2022\/05\/13A85EC7-53F9-4EDF-9C36-CBEFD904C3E4-1536x1023.jpeg 1536w\" sizes=\"auto, (max-width: 1600px) 100vw, 1600px\" \/><\/figure>\n<\/figure>\n","protected":false},"excerpt":{"rendered":"<p>Die Kinder- und Jugendfeuerwehren der Feuerwehr Halberstadt bieten jungen Menschen die M\u00f6glichkeit, spielerisch und altersgerecht die Aufgaben der Feuerwehr kennenzulernen. Im Mittelpunkt stehen dabei Gemeinschaft, Teamgeist und die F\u00f6rderung von Verantwortungsbewusstsein \u2013 immer angepasst an das jeweilige Alter der Kinder und Jugendlichen. In der Kinderfeuerwehr werden M\u00e4dchen und Jungen fr\u00fchzeitig an Themen wie Brandschutz, Erste [&hellip;]<\/p>\n","protected":false},"author":3,"featured_media":0,"parent":0,"menu_order":0,"comment_status":"closed","ping_status":"closed","template":"","meta":{"_acf_changed":false,"footnotes":""},"class_list":["post-690","page","type-page","status-publish","hentry"],"acf":[],"yoast_head":"<!-- This site is optimized with the Yoast SEO plugin v27.3 - https:\/\/yoast.com\/product\/yoast-seo-wordpress\/ -->\n<title>Kinder- und Jugendfeuerwehren - Feuerwehr Halberstadt<\/title>\n<meta name=\"robots\" content=\"index, follow, max-snippet:-1, max-image-preview:large, max-video-preview:-1\" \/>\n<link rel=\"canonical\" href=\"https:\/\/www.feuerwehr-halberstadt.de\/?page_id=690\" \/>\n<meta property=\"og:locale\" content=\"de_DE\" \/>\n<meta property=\"og:type\" content=\"article\" \/>\n<meta property=\"og:title\" content=\"Kinder- und Jugendfeuerwehren - Feuerwehr Halberstadt\" \/>\n<meta property=\"og:description\" content=\"Die Kinder- und Jugendfeuerwehren der Feuerwehr Halberstadt bieten jungen Menschen die M\u00f6glichkeit, spielerisch und altersgerecht die Aufgaben der Feuerwehr kennenzulernen. Im Mittelpunkt stehen dabei Gemeinschaft, Teamgeist und die F\u00f6rderung von Verantwortungsbewusstsein \u2013 immer angepasst an das jeweilige Alter der Kinder und Jugendlichen. In der Kinderfeuerwehr werden M\u00e4dchen und Jungen fr\u00fchzeitig an Themen wie Brandschutz, Erste [&hellip;]\" \/>\n<meta property=\"og:url\" content=\"https:\/\/www.feuerwehr-halberstadt.de\/?page_id=690\" \/>\n<meta property=\"og:site_name\" content=\"Feuerwehr Halberstadt\" \/>\n<meta property=\"article:publisher\" content=\"https:\/\/www.facebook.com\/FeuerwehrHalberstadt\/\" \/>\n<meta property=\"article:modified_time\" content=\"2026-02-02T16:13:59+00:00\" \/>\n<meta property=\"og:image\" content=\"https:\/\/www.feuerwehr-halberstadt.de\/wp-content\/uploads\/2022\/08\/6d16c3ed-0e35-4b21-9241-94e5aac2fef7.jpeg\" \/>\n\t<meta property=\"og:image:width\" content=\"900\" \/>\n\t<meta property=\"og:image:height\" content=\"506\" \/>\n\t<meta property=\"og:image:type\" content=\"image\/jpeg\" \/>\n<meta name=\"twitter:card\" content=\"summary_large_image\" \/>\n<meta name=\"twitter:label1\" content=\"Gesch\u00e4tzte Lesezeit\" \/>\n\t<meta name=\"twitter:data1\" content=\"3\u00a0Minuten\" \/>\n<script type=\"application\/ld+json\" class=\"yoast-schema-graph\">{\"@context\":\"https:\\\/\\\/schema.org\",\"@graph\":[{\"@type\":\"WebPage\",\"@id\":\"https:\\\/\\\/www.feuerwehr-halberstadt.de\\\/?page_id=690\",\"url\":\"https:\\\/\\\/www.feuerwehr-halberstadt.de\\\/?page_id=690\",\"name\":\"Kinder- und Jugendfeuerwehren - Feuerwehr Halberstadt\",\"isPartOf\":{\"@id\":\"https:\\\/\\\/www.feuerwehr-halberstadt.de\\\/#website\"},\"primaryImageOfPage\":{\"@id\":\"https:\\\/\\\/www.feuerwehr-halberstadt.de\\\/?page_id=690#primaryimage\"},\"image\":{\"@id\":\"https:\\\/\\\/www.feuerwehr-halberstadt.de\\\/?page_id=690#primaryimage\"},\"thumbnailUrl\":\"https:\\\/\\\/www.feuerwehr-halberstadt.de\\\/wp-content\\\/uploads\\\/2022\\\/08\\\/6d16c3ed-0e35-4b21-9241-94e5aac2fef7.jpeg\",\"datePublished\":\"2019-09-02T13:35:08+00:00\",\"dateModified\":\"2026-02-02T16:13:59+00:00\",\"breadcrumb\":{\"@id\":\"https:\\\/\\\/www.feuerwehr-halberstadt.de\\\/?page_id=690#breadcrumb\"},\"inLanguage\":\"de\",\"potentialAction\":[{\"@type\":\"ReadAction\",\"target\":[\"https:\\\/\\\/www.feuerwehr-halberstadt.de\\\/?page_id=690\"]}]},{\"@type\":\"ImageObject\",\"inLanguage\":\"de\",\"@id\":\"https:\\\/\\\/www.feuerwehr-halberstadt.de\\\/?page_id=690#primaryimage\",\"url\":\"https:\\\/\\\/www.feuerwehr-halberstadt.de\\\/wp-content\\\/uploads\\\/2022\\\/08\\\/6d16c3ed-0e35-4b21-9241-94e5aac2fef7.jpeg\",\"contentUrl\":\"https:\\\/\\\/www.feuerwehr-halberstadt.de\\\/wp-content\\\/uploads\\\/2022\\\/08\\\/6d16c3ed-0e35-4b21-9241-94e5aac2fef7.jpeg\",\"width\":900,\"height\":506},{\"@type\":\"BreadcrumbList\",\"@id\":\"https:\\\/\\\/www.feuerwehr-halberstadt.de\\\/?page_id=690#breadcrumb\",\"itemListElement\":[{\"@type\":\"ListItem\",\"position\":1,\"name\":\"Startseite\",\"item\":\"https:\\\/\\\/www.feuerwehr-halberstadt.de\\\/\"},{\"@type\":\"ListItem\",\"position\":2,\"name\":\"Kinder- und Jugendfeuerwehren\"}]},{\"@type\":\"WebSite\",\"@id\":\"https:\\\/\\\/www.feuerwehr-halberstadt.de\\\/#website\",\"url\":\"https:\\\/\\\/www.feuerwehr-halberstadt.de\\\/\",\"name\":\"Feuerwehr Halberstadt\",\"description\":\"#imEinsatzf\u00fcrHalberstadt\",\"publisher\":{\"@id\":\"https:\\\/\\\/www.feuerwehr-halberstadt.de\\\/#organization\"},\"potentialAction\":[{\"@type\":\"SearchAction\",\"target\":{\"@type\":\"EntryPoint\",\"urlTemplate\":\"https:\\\/\\\/www.feuerwehr-halberstadt.de\\\/?s={search_term_string}\"},\"query-input\":{\"@type\":\"PropertyValueSpecification\",\"valueRequired\":true,\"valueName\":\"search_term_string\"}}],\"inLanguage\":\"de\"},{\"@type\":\"Organization\",\"@id\":\"https:\\\/\\\/www.feuerwehr-halberstadt.de\\\/#organization\",\"name\":\"Feuerwehr Halberstadt\",\"url\":\"https:\\\/\\\/www.feuerwehr-halberstadt.de\\\/\",\"logo\":{\"@type\":\"ImageObject\",\"inLanguage\":\"de\",\"@id\":\"https:\\\/\\\/www.feuerwehr-halberstadt.de\\\/#\\\/schema\\\/logo\\\/image\\\/\",\"url\":\"https:\\\/\\\/www.feuerwehr-halberstadt.de\\\/wp-content\\\/uploads\\\/2023\\\/10\\\/IMG_0126.png\",\"contentUrl\":\"https:\\\/\\\/www.feuerwehr-halberstadt.de\\\/wp-content\\\/uploads\\\/2023\\\/10\\\/IMG_0126.png\",\"width\":1500,\"height\":399,\"caption\":\"Feuerwehr Halberstadt\"},\"image\":{\"@id\":\"https:\\\/\\\/www.feuerwehr-halberstadt.de\\\/#\\\/schema\\\/logo\\\/image\\\/\"},\"sameAs\":[\"https:\\\/\\\/www.facebook.com\\\/FeuerwehrHalberstadt\\\/\"]}]}<\/script>\n<!-- \/ Yoast SEO plugin. -->","yoast_head_json":{"title":"Kinder- und Jugendfeuerwehren - Feuerwehr Halberstadt","robots":{"index":"index","follow":"follow","max-snippet":"max-snippet:-1","max-image-preview":"max-image-preview:large","max-video-preview":"max-video-preview:-1"},"canonical":"https:\/\/www.feuerwehr-halberstadt.de\/?page_id=690","og_locale":"de_DE","og_type":"article","og_title":"Kinder- und Jugendfeuerwehren - Feuerwehr Halberstadt","og_description":"Die Kinder- und Jugendfeuerwehren der Feuerwehr Halberstadt bieten jungen Menschen die M\u00f6glichkeit, spielerisch und altersgerecht die Aufgaben der Feuerwehr kennenzulernen. Im Mittelpunkt stehen dabei Gemeinschaft, Teamgeist und die F\u00f6rderung von Verantwortungsbewusstsein \u2013 immer angepasst an das jeweilige Alter der Kinder und Jugendlichen. In der Kinderfeuerwehr werden M\u00e4dchen und Jungen fr\u00fchzeitig an Themen wie Brandschutz, Erste [&hellip;]","og_url":"https:\/\/www.feuerwehr-halberstadt.de\/?page_id=690","og_site_name":"Feuerwehr Halberstadt","article_publisher":"https:\/\/www.facebook.com\/FeuerwehrHalberstadt\/","article_modified_time":"2026-02-02T16:13:59+00:00","og_image":[{"width":900,"height":506,"url":"https:\/\/www.feuerwehr-halberstadt.de\/wp-content\/uploads\/2022\/08\/6d16c3ed-0e35-4b21-9241-94e5aac2fef7.jpeg","type":"image\/jpeg"}],"twitter_card":"summary_large_image","twitter_misc":{"Gesch\u00e4tzte Lesezeit":"3\u00a0Minuten"},"schema":{"@context":"https:\/\/schema.org","@graph":[{"@type":"WebPage","@id":"https:\/\/www.feuerwehr-halberstadt.de\/?page_id=690","url":"https:\/\/www.feuerwehr-halberstadt.de\/?page_id=690","name":"Kinder- und Jugendfeuerwehren - Feuerwehr Halberstadt","isPartOf":{"@id":"https:\/\/www.feuerwehr-halberstadt.de\/#website"},"primaryImageOfPage":{"@id":"https:\/\/www.feuerwehr-halberstadt.de\/?page_id=690#primaryimage"},"image":{"@id":"https:\/\/www.feuerwehr-halberstadt.de\/?page_id=690#primaryimage"},"thumbnailUrl":"https:\/\/www.feuerwehr-halberstadt.de\/wp-content\/uploads\/2022\/08\/6d16c3ed-0e35-4b21-9241-94e5aac2fef7.jpeg","datePublished":"2019-09-02T13:35:08+00:00","dateModified":"2026-02-02T16:13:59+00:00","breadcrumb":{"@id":"https:\/\/www.feuerwehr-halberstadt.de\/?page_id=690#breadcrumb"},"inLanguage":"de","potentialAction":[{"@type":"ReadAction","target":["https:\/\/www.feuerwehr-halberstadt.de\/?page_id=690"]}]},{"@type":"ImageObject","inLanguage":"de","@id":"https:\/\/www.feuerwehr-halberstadt.de\/?page_id=690#primaryimage","url":"https:\/\/www.feuerwehr-halberstadt.de\/wp-content\/uploads\/2022\/08\/6d16c3ed-0e35-4b21-9241-94e5aac2fef7.jpeg","contentUrl":"https:\/\/www.feuerwehr-halberstadt.de\/wp-content\/uploads\/2022\/08\/6d16c3ed-0e35-4b21-9241-94e5aac2fef7.jpeg","width":900,"height":506},{"@type":"BreadcrumbList","@id":"https:\/\/www.feuerwehr-halberstadt.de\/?page_id=690#breadcrumb","itemListElement":[{"@type":"ListItem","position":1,"name":"Startseite","item":"https:\/\/www.feuerwehr-halberstadt.de\/"},{"@type":"ListItem","position":2,"name":"Kinder- und Jugendfeuerwehren"}]},{"@type":"WebSite","@id":"https:\/\/www.feuerwehr-halberstadt.de\/#website","url":"https:\/\/www.feuerwehr-halberstadt.de\/","name":"Feuerwehr Halberstadt","description":"#imEinsatzf\u00fcrHalberstadt","publisher":{"@id":"https:\/\/www.feuerwehr-halberstadt.de\/#organization"},"potentialAction":[{"@type":"SearchAction","target":{"@type":"EntryPoint","urlTemplate":"https:\/\/www.feuerwehr-halberstadt.de\/?s={search_term_string}"},"query-input":{"@type":"PropertyValueSpecification","valueRequired":true,"valueName":"search_term_string"}}],"inLanguage":"de"},{"@type":"Organization","@id":"https:\/\/www.feuerwehr-halberstadt.de\/#organization","name":"Feuerwehr Halberstadt","url":"https:\/\/www.feuerwehr-halberstadt.de\/","logo":{"@type":"ImageObject","inLanguage":"de","@id":"https:\/\/www.feuerwehr-halberstadt.de\/#\/schema\/logo\/image\/","url":"https:\/\/www.feuerwehr-halberstadt.de\/wp-content\/uploads\/2023\/10\/IMG_0126.png","contentUrl":"https:\/\/www.feuerwehr-halberstadt.de\/wp-content\/uploads\/2023\/10\/IMG_0126.png","width":1500,"height":399,"caption":"Feuerwehr Halberstadt"},"image":{"@id":"https:\/\/www.feuerwehr-halberstadt.de\/#\/schema\/logo\/image\/"},"sameAs":["https:\/\/www.facebook.com\/FeuerwehrHalberstadt\/"]}]}},"_links":{"self":[{"href":"https:\/\/www.feuerwehr-halberstadt.de\/index.php?rest_route=\/wp\/v2\/pages\/690","targetHints":{"allow":["GET"]}}],"collection":[{"href":"https:\/\/www.feuerwehr-halberstadt.de\/index.php?rest_route=\/wp\/v2\/pages"}],"about":[{"href":"https:\/\/www.feuerwehr-halberstadt.de\/index.php?rest_route=\/wp\/v2\/types\/page"}],"author":[{"embeddable":true,"href":"https:\/\/www.feuerwehr-halberstadt.de\/index.php?rest_route=\/wp\/v2\/users\/3"}],"replies":[{"embeddable":true,"href":"https:\/\/www.feuerwehr-halberstadt.de\/index.php?rest_route=%2Fwp%2Fv2%2Fcomments&post=690"}],"version-history":[{"count":47,"href":"https:\/\/www.feuerwehr-halberstadt.de\/index.php?rest_route=\/wp\/v2\/pages\/690\/revisions"}],"predecessor-version":[{"id":17990,"href":"https:\/\/www.feuerwehr-halberstadt.de\/index.php?rest_route=\/wp\/v2\/pages\/690\/revisions\/17990"}],"wp:attachment":[{"href":"https:\/\/www.feuerwehr-halberstadt.de\/index.php?rest_route=%2Fwp%2Fv2%2Fmedia&parent=690"}],"curies":[{"name":"wp","href":"https:\/\/api.w.org\/{rel}","templated":true}]}}