{"id":344,"date":"2019-06-26T17:23:45","date_gmt":"2019-06-26T15:23:45","guid":{"rendered":"http:\/\/relaunch.feuerwehr-halberstadt.de\/?page_id=344"},"modified":"2026-04-29T13:49:04","modified_gmt":"2026-04-29T11:49:04","slug":"halberstadt","status":"publish","type":"page","link":"https:\/\/www.feuerwehr-halberstadt.de\/?page_id=344","title":{"rendered":"Unsere Ortsfeuerwehren"},"content":{"rendered":"\n<p>Ehrenamtliche T\u00e4tigkeit im Brand- und Katastrophenschutz wird in Sachsen-Anhalt in Freiwilligen Feuerwehren und den im Katastrophenschutz mitwirkenden Hilfsorganisationen geleistet. An einer Mitgliedschaft interessierte Personen k\u00f6nnen sich an ihre Gemeinde (Freiwillige Feuerwehr) oder an eine der Hilfsorganisationen bzw. ihre Landes-, Kreis- oder Ortsverb\u00e4nde wenden.<\/p>\n\n\n\n<p>Ehrenamtlich in Freiwilligen Feuerwehren t\u00e4tige B\u00fcrgerinnen und B\u00fcrger haben Anspruch auf Ersatz ihrer f\u00fcr dieses Ehrenamt notwendigen Auslagen und des Verdienstausfalls. Daneben kann eine angemessene Aufwandsentsch\u00e4digung gezahlt werden. <\/p>\n\n\n\n<p>Wenn DU bei der Freiwilligen Feuerwehr ehrenamtlich t\u00e4tig werden m\u00f6chtest, dann wende Dich bitte an eine unter &#8222;Kontakte&#8220; aufgef\u00fchrte Person. Bitte beachten Sie die Zust\u00e4ndigkeiten der einzelnen Ortsteile.<br><\/p>\n\n\n\n<figure class=\"wp-block-embed is-type-video is-provider-youtube wp-block-embed-youtube wp-embed-aspect-16-9 wp-has-aspect-ratio\"><div class=\"wp-block-embed__wrapper\">\n<iframe loading=\"lazy\" title=\"Feuerwehr Halberstadt - Bereit, wenn du es bist\" width=\"640\" height=\"360\" src=\"https:\/\/www.youtube.com\/embed\/lKyMn73vHeU?feature=oembed\" frameborder=\"0\" allow=\"accelerometer; autoplay; clipboard-write; encrypted-media; gyroscope; picture-in-picture; web-share\" referrerpolicy=\"strict-origin-when-cross-origin\" allowfullscreen><\/iframe>\n<\/div><\/figure>\n","protected":false},"excerpt":{"rendered":"<p>Ehrenamtliche T\u00e4tigkeit im Brand- und Katastrophenschutz wird in Sachsen-Anhalt in Freiwilligen Feuerwehren und den im Katastrophenschutz mitwirkenden Hilfsorganisationen geleistet. An einer Mitgliedschaft interessierte Personen k\u00f6nnen sich an ihre Gemeinde (Freiwillige Feuerwehr) oder an eine der Hilfsorganisationen bzw. ihre Landes-, Kreis- oder Ortsverb\u00e4nde wenden. Ehrenamtlich in Freiwilligen Feuerwehren t\u00e4tige B\u00fcrgerinnen und B\u00fcrger haben Anspruch auf Ersatz [&hellip;]<\/p>\n","protected":false},"author":3,"featured_media":0,"parent":0,"menu_order":0,"comment_status":"closed","ping_status":"closed","template":"","meta":{"_acf_changed":false,"footnotes":""},"class_list":["post-344","page","type-page","status-publish","hentry"],"acf":[],"yoast_head":"<!-- This site is optimized with the Yoast SEO plugin v27.5 - https:\/\/yoast.com\/product\/yoast-seo-wordpress\/ -->\n<title>Unsere Ortsfeuerwehren - Feuerwehr Halberstadt<\/title>\n<meta name=\"robots\" content=\"index, follow, max-snippet:-1, max-image-preview:large, max-video-preview:-1\" \/>\n<link rel=\"canonical\" href=\"https:\/\/www.feuerwehr-halberstadt.de\/?page_id=344\" \/>\n<meta property=\"og:locale\" content=\"de_DE\" \/>\n<meta property=\"og:type\" content=\"article\" \/>\n<meta property=\"og:title\" content=\"Unsere Ortsfeuerwehren - Feuerwehr Halberstadt\" \/>\n<meta property=\"og:description\" content=\"Ehrenamtliche T\u00e4tigkeit im Brand- und Katastrophenschutz wird in Sachsen-Anhalt in Freiwilligen Feuerwehren und den im Katastrophenschutz mitwirkenden Hilfsorganisationen geleistet. An einer Mitgliedschaft interessierte Personen k\u00f6nnen sich an ihre Gemeinde (Freiwillige Feuerwehr) oder an eine der Hilfsorganisationen bzw. ihre Landes-, Kreis- oder Ortsverb\u00e4nde wenden. Ehrenamtlich in Freiwilligen Feuerwehren t\u00e4tige B\u00fcrgerinnen und B\u00fcrger haben Anspruch auf Ersatz [&hellip;]\" \/>\n<meta property=\"og:url\" content=\"https:\/\/www.feuerwehr-halberstadt.de\/?page_id=344\" \/>\n<meta property=\"og:site_name\" content=\"Feuerwehr Halberstadt\" \/>\n<meta property=\"article:publisher\" content=\"https:\/\/www.facebook.com\/FeuerwehrHalberstadt\/\" \/>\n<meta property=\"article:modified_time\" content=\"2026-04-29T11:49:04+00:00\" \/>\n<meta property=\"og:image\" content=\"https:\/\/www.feuerwehr-halberstadt.de\/wp-content\/uploads\/2023\/09\/cropped-Feuerwehr_HBS_Logo-removebg-preview-1.png\" \/>\n\t<meta property=\"og:image:width\" content=\"444\" \/>\n\t<meta property=\"og:image:height\" content=\"409\" \/>\n\t<meta property=\"og:image:type\" content=\"image\/png\" \/>\n<meta name=\"twitter:card\" content=\"summary_large_image\" \/>\n<meta name=\"twitter:label1\" content=\"Gesch\u00e4tzte Lesezeit\" \/>\n\t<meta name=\"twitter:data1\" content=\"1\u00a0Minute\" \/>\n<script type=\"application\/ld+json\" class=\"yoast-schema-graph\">{\"@context\":\"https:\\\/\\\/schema.org\",\"@graph\":[{\"@type\":\"WebPage\",\"@id\":\"https:\\\/\\\/www.feuerwehr-halberstadt.de\\\/?page_id=344\",\"url\":\"https:\\\/\\\/www.feuerwehr-halberstadt.de\\\/?page_id=344\",\"name\":\"Unsere Ortsfeuerwehren - Feuerwehr Halberstadt\",\"isPartOf\":{\"@id\":\"https:\\\/\\\/www.feuerwehr-halberstadt.de\\\/#website\"},\"datePublished\":\"2019-06-26T15:23:45+00:00\",\"dateModified\":\"2026-04-29T11:49:04+00:00\",\"breadcrumb\":{\"@id\":\"https:\\\/\\\/www.feuerwehr-halberstadt.de\\\/?page_id=344#breadcrumb\"},\"inLanguage\":\"de\",\"potentialAction\":[{\"@type\":\"ReadAction\",\"target\":[\"https:\\\/\\\/www.feuerwehr-halberstadt.de\\\/?page_id=344\"]}]},{\"@type\":\"BreadcrumbList\",\"@id\":\"https:\\\/\\\/www.feuerwehr-halberstadt.de\\\/?page_id=344#breadcrumb\",\"itemListElement\":[{\"@type\":\"ListItem\",\"position\":1,\"name\":\"Startseite\",\"item\":\"https:\\\/\\\/www.feuerwehr-halberstadt.de\\\/\"},{\"@type\":\"ListItem\",\"position\":2,\"name\":\"Unsere Ortsfeuerwehren\"}]},{\"@type\":\"WebSite\",\"@id\":\"https:\\\/\\\/www.feuerwehr-halberstadt.de\\\/#website\",\"url\":\"https:\\\/\\\/www.feuerwehr-halberstadt.de\\\/\",\"name\":\"Feuerwehr Halberstadt\",\"description\":\"#imEinsatzf\u00fcrHalberstadt\",\"publisher\":{\"@id\":\"https:\\\/\\\/www.feuerwehr-halberstadt.de\\\/#organization\"},\"potentialAction\":[{\"@type\":\"SearchAction\",\"target\":{\"@type\":\"EntryPoint\",\"urlTemplate\":\"https:\\\/\\\/www.feuerwehr-halberstadt.de\\\/?s={search_term_string}\"},\"query-input\":{\"@type\":\"PropertyValueSpecification\",\"valueRequired\":true,\"valueName\":\"search_term_string\"}}],\"inLanguage\":\"de\"},{\"@type\":\"Organization\",\"@id\":\"https:\\\/\\\/www.feuerwehr-halberstadt.de\\\/#organization\",\"name\":\"Feuerwehr Halberstadt\",\"url\":\"https:\\\/\\\/www.feuerwehr-halberstadt.de\\\/\",\"logo\":{\"@type\":\"ImageObject\",\"inLanguage\":\"de\",\"@id\":\"https:\\\/\\\/www.feuerwehr-halberstadt.de\\\/#\\\/schema\\\/logo\\\/image\\\/\",\"url\":\"https:\\\/\\\/www.feuerwehr-halberstadt.de\\\/wp-content\\\/uploads\\\/2023\\\/10\\\/IMG_0126.png\",\"contentUrl\":\"https:\\\/\\\/www.feuerwehr-halberstadt.de\\\/wp-content\\\/uploads\\\/2023\\\/10\\\/IMG_0126.png\",\"width\":1500,\"height\":399,\"caption\":\"Feuerwehr Halberstadt\"},\"image\":{\"@id\":\"https:\\\/\\\/www.feuerwehr-halberstadt.de\\\/#\\\/schema\\\/logo\\\/image\\\/\"},\"sameAs\":[\"https:\\\/\\\/www.facebook.com\\\/FeuerwehrHalberstadt\\\/\"]}]}<\/script>\n<!-- \/ Yoast SEO plugin. -->","yoast_head_json":{"title":"Unsere Ortsfeuerwehren - Feuerwehr Halberstadt","robots":{"index":"index","follow":"follow","max-snippet":"max-snippet:-1","max-image-preview":"max-image-preview:large","max-video-preview":"max-video-preview:-1"},"canonical":"https:\/\/www.feuerwehr-halberstadt.de\/?page_id=344","og_locale":"de_DE","og_type":"article","og_title":"Unsere Ortsfeuerwehren - Feuerwehr Halberstadt","og_description":"Ehrenamtliche T\u00e4tigkeit im Brand- und Katastrophenschutz wird in Sachsen-Anhalt in Freiwilligen Feuerwehren und den im Katastrophenschutz mitwirkenden Hilfsorganisationen geleistet. An einer Mitgliedschaft interessierte Personen k\u00f6nnen sich an ihre Gemeinde (Freiwillige Feuerwehr) oder an eine der Hilfsorganisationen bzw. ihre Landes-, Kreis- oder Ortsverb\u00e4nde wenden. Ehrenamtlich in Freiwilligen Feuerwehren t\u00e4tige B\u00fcrgerinnen und B\u00fcrger haben Anspruch auf Ersatz [&hellip;]","og_url":"https:\/\/www.feuerwehr-halberstadt.de\/?page_id=344","og_site_name":"Feuerwehr Halberstadt","article_publisher":"https:\/\/www.facebook.com\/FeuerwehrHalberstadt\/","article_modified_time":"2026-04-29T11:49:04+00:00","og_image":[{"width":444,"height":409,"url":"https:\/\/www.feuerwehr-halberstadt.de\/wp-content\/uploads\/2023\/09\/cropped-Feuerwehr_HBS_Logo-removebg-preview-1.png","type":"image\/png"}],"twitter_card":"summary_large_image","twitter_misc":{"Gesch\u00e4tzte Lesezeit":"1\u00a0Minute"},"schema":{"@context":"https:\/\/schema.org","@graph":[{"@type":"WebPage","@id":"https:\/\/www.feuerwehr-halberstadt.de\/?page_id=344","url":"https:\/\/www.feuerwehr-halberstadt.de\/?page_id=344","name":"Unsere Ortsfeuerwehren - Feuerwehr Halberstadt","isPartOf":{"@id":"https:\/\/www.feuerwehr-halberstadt.de\/#website"},"datePublished":"2019-06-26T15:23:45+00:00","dateModified":"2026-04-29T11:49:04+00:00","breadcrumb":{"@id":"https:\/\/www.feuerwehr-halberstadt.de\/?page_id=344#breadcrumb"},"inLanguage":"de","potentialAction":[{"@type":"ReadAction","target":["https:\/\/www.feuerwehr-halberstadt.de\/?page_id=344"]}]},{"@type":"BreadcrumbList","@id":"https:\/\/www.feuerwehr-halberstadt.de\/?page_id=344#breadcrumb","itemListElement":[{"@type":"ListItem","position":1,"name":"Startseite","item":"https:\/\/www.feuerwehr-halberstadt.de\/"},{"@type":"ListItem","position":2,"name":"Unsere Ortsfeuerwehren"}]},{"@type":"WebSite","@id":"https:\/\/www.feuerwehr-halberstadt.de\/#website","url":"https:\/\/www.feuerwehr-halberstadt.de\/","name":"Feuerwehr Halberstadt","description":"#imEinsatzf\u00fcrHalberstadt","publisher":{"@id":"https:\/\/www.feuerwehr-halberstadt.de\/#organization"},"potentialAction":[{"@type":"SearchAction","target":{"@type":"EntryPoint","urlTemplate":"https:\/\/www.feuerwehr-halberstadt.de\/?s={search_term_string}"},"query-input":{"@type":"PropertyValueSpecification","valueRequired":true,"valueName":"search_term_string"}}],"inLanguage":"de"},{"@type":"Organization","@id":"https:\/\/www.feuerwehr-halberstadt.de\/#organization","name":"Feuerwehr Halberstadt","url":"https:\/\/www.feuerwehr-halberstadt.de\/","logo":{"@type":"ImageObject","inLanguage":"de","@id":"https:\/\/www.feuerwehr-halberstadt.de\/#\/schema\/logo\/image\/","url":"https:\/\/www.feuerwehr-halberstadt.de\/wp-content\/uploads\/2023\/10\/IMG_0126.png","contentUrl":"https:\/\/www.feuerwehr-halberstadt.de\/wp-content\/uploads\/2023\/10\/IMG_0126.png","width":1500,"height":399,"caption":"Feuerwehr Halberstadt"},"image":{"@id":"https:\/\/www.feuerwehr-halberstadt.de\/#\/schema\/logo\/image\/"},"sameAs":["https:\/\/www.facebook.com\/FeuerwehrHalberstadt\/"]}]}},"_links":{"self":[{"href":"https:\/\/www.feuerwehr-halberstadt.de\/index.php?rest_route=\/wp\/v2\/pages\/344","targetHints":{"allow":["GET"]}}],"collection":[{"href":"https:\/\/www.feuerwehr-halberstadt.de\/index.php?rest_route=\/wp\/v2\/pages"}],"about":[{"href":"https:\/\/www.feuerwehr-halberstadt.de\/index.php?rest_route=\/wp\/v2\/types\/page"}],"author":[{"embeddable":true,"href":"https:\/\/www.feuerwehr-halberstadt.de\/index.php?rest_route=\/wp\/v2\/users\/3"}],"replies":[{"embeddable":true,"href":"https:\/\/www.feuerwehr-halberstadt.de\/index.php?rest_route=%2Fwp%2Fv2%2Fcomments&post=344"}],"version-history":[{"count":23,"href":"https:\/\/www.feuerwehr-halberstadt.de\/index.php?rest_route=\/wp\/v2\/pages\/344\/revisions"}],"predecessor-version":[{"id":18434,"href":"https:\/\/www.feuerwehr-halberstadt.de\/index.php?rest_route=\/wp\/v2\/pages\/344\/revisions\/18434"}],"wp:attachment":[{"href":"https:\/\/www.feuerwehr-halberstadt.de\/index.php?rest_route=%2Fwp%2Fv2%2Fmedia&parent=344"}],"curies":[{"name":"wp","href":"https:\/\/api.w.org\/{rel}","templated":true}]}}