{"id":253,"date":"2019-06-26T07:42:40","date_gmt":"2019-06-26T05:42:40","guid":{"rendered":"http:\/\/relaunch.feuerwehr-halberstadt.de\/?page_id=253"},"modified":"2025-01-29T11:19:48","modified_gmt":"2025-01-29T10:19:48","slug":"downloads","status":"publish","type":"page","link":"https:\/\/www.feuerwehr-halberstadt.de\/?page_id=253","title":{"rendered":"Downloads"},"content":{"rendered":"\n<h4 class=\"wp-block-heading\">Aufnahmeantr\u00e4ge<\/h4>\n\n\n\n<div class=\"wp-block-file\"><a id=\"wp-block-file--media-a7f687b3-8469-4ec4-a1d7-7d2fc04a75ae\" href=\"https:\/\/www.feuerwehr-halberstadt.de\/wp-content\/uploads\/2024\/07\/pdf-aufnahmeantrag01.pdf\">Aufnahmeantrag F\u00f6rderverein<\/a><a href=\"https:\/\/www.feuerwehr-halberstadt.de\/wp-content\/uploads\/2024\/07\/pdf-aufnahmeantrag01.pdf\" class=\"wp-block-file__button btn btn-primary wp-element-button\" download aria-describedby=\"wp-block-file--media-a7f687b3-8469-4ec4-a1d7-7d2fc04a75ae\">Herunterladen<\/a><\/div>\n\n\n\n<div class=\"wp-block-file\"><a id=\"wp-block-file--media-1b2146e1-b5ea-45e2-beed-f312507da343\" href=\"https:\/\/www.feuerwehr-halberstadt.de\/wp-content\/uploads\/2020\/11\/Aufnahmeantrag-FFW.pdf\">Aufnahmeantrag Freiwillige Feuerwehr<\/a><a href=\"https:\/\/www.feuerwehr-halberstadt.de\/wp-content\/uploads\/2020\/11\/Aufnahmeantrag-FFW.pdf\" class=\"wp-block-file__button btn btn-primary wp-element-button\" download aria-describedby=\"wp-block-file--media-1b2146e1-b5ea-45e2-beed-f312507da343\">Herunterladen<\/a><\/div>\n\n\n\n<h4 class=\"wp-block-heading\">Aufnahmeantr\u00e4ge Jugendfeuerwehr<\/h4>\n\n\n\n<div class=\"wp-block-file\"><a id=\"wp-block-file--media-f1c074b1-a971-4cc2-a048-c5626254ae70\" href=\"https:\/\/www.feuerwehr-halberstadt.de\/wp-content\/uploads\/2021\/12\/Aufnahmeantrag-OJF.pdf\">Aufnahmeantrag OJF<\/a><a href=\"https:\/\/www.feuerwehr-halberstadt.de\/wp-content\/uploads\/2021\/12\/Aufnahmeantrag-OJF.pdf\" class=\"wp-block-file__button btn btn-primary wp-element-button\" download aria-describedby=\"wp-block-file--media-f1c074b1-a971-4cc2-a048-c5626254ae70\">Herunterladen<\/a><\/div>\n\n\n\n<div class=\"wp-block-file\"><a id=\"wp-block-file--media-62ba1959-baa7-4429-aaf0-c7ee355fee48\" href=\"https:\/\/www.feuerwehr-halberstadt.de\/wp-content\/uploads\/2021\/12\/Datenschutz-JF-Antrag-02.2019.pdf\">Datenschutz JF-Antrag 02.2019<\/a><a href=\"https:\/\/www.feuerwehr-halberstadt.de\/wp-content\/uploads\/2021\/12\/Datenschutz-JF-Antrag-02.2019.pdf\" class=\"wp-block-file__button btn btn-primary wp-element-button\" download aria-describedby=\"wp-block-file--media-62ba1959-baa7-4429-aaf0-c7ee355fee48\">Herunterladen<\/a><\/div>\n\n\n\n<div class=\"wp-block-file\"><a id=\"wp-block-file--media-0c50bd5b-77d9-4998-b8ed-c2223e1a3dd0\" href=\"https:\/\/www.feuerwehr-halberstadt.de\/wp-content\/uploads\/2021\/12\/Fotofreigabe-OJF.pdf\">Fotofreigabe OJF<\/a><a href=\"https:\/\/www.feuerwehr-halberstadt.de\/wp-content\/uploads\/2021\/12\/Fotofreigabe-OJF.pdf\" class=\"wp-block-file__button btn btn-primary wp-element-button\" download aria-describedby=\"wp-block-file--media-0c50bd5b-77d9-4998-b8ed-c2223e1a3dd0\">Herunterladen<\/a><\/div>\n\n\n\n<h4 class=\"wp-block-heading\">Handb\u00fccher f\u00fcr Berufsfeuerwehren<\/h4>\n\n\n\n<div class=\"wp-block-file\"><a id=\"wp-block-file--media-f05f2743-4755-4239-99dc-8add9fe9b9ca\" href=\"http:\/\/relaunch.feuerwehr-halberstadt.de\/wp-content\/uploads\/2019\/07\/Trainingshandbuch-fuer-Eignungsfeststellung-fuer-Berufsfeuerwehren.pdf\">Trainingshandbuch f\u00fcr Eignungsfeststellung f\u00fcr Berufsfeuerwehren<\/a><a href=\"http:\/\/relaunch.feuerwehr-halberstadt.de\/wp-content\/uploads\/2019\/07\/Trainingshandbuch-fuer-Eignungsfeststellung-fuer-Berufsfeuerwehren.pdf\" class=\"wp-block-file__button btn btn-primary wp-element-button\" download aria-describedby=\"wp-block-file--media-f05f2743-4755-4239-99dc-8add9fe9b9ca\">Herunterladen<\/a><\/div>\n\n\n\n<div class=\"wp-block-file\"><a id=\"wp-block-file--media-d18fe731-8d56-4990-8d86-dd155a658300\" href=\"http:\/\/relaunch.feuerwehr-halberstadt.de\/wp-content\/uploads\/2019\/07\/Testhandbuch-fuer-Eignungsfeststellung-fuer-Berufsfeuerwehren.pdf\">Testhandbuch f\u00fcr Eignungsfeststellung f\u00fcr Berufsfeuerwehren<\/a><a href=\"http:\/\/relaunch.feuerwehr-halberstadt.de\/wp-content\/uploads\/2019\/07\/Testhandbuch-fuer-Eignungsfeststellung-fuer-Berufsfeuerwehren.pdf\" class=\"wp-block-file__button btn btn-primary wp-element-button\" download aria-describedby=\"wp-block-file--media-d18fe731-8d56-4990-8d86-dd155a658300\">Herunterladen<\/a><\/div>\n\n\n\n<h4 class=\"wp-block-heading\">Satzungen<\/h4>\n\n\n\n<div class=\"wp-block-file\"><a id=\"wp-block-file--media-daa16a29-a9bc-44b8-a41f-d111579de418\" href=\"https:\/\/www.feuerwehr-halberstadt.de\/wp-content\/uploads\/2022\/12\/Feuerwehrsatzung-seit-01.12.2022.pdf\">Feuerwehrsatzung seit 01.12.2022<\/a><a href=\"https:\/\/www.feuerwehr-halberstadt.de\/wp-content\/uploads\/2022\/12\/Feuerwehrsatzung-seit-01.12.2022.pdf\" class=\"wp-block-file__button btn btn-primary wp-element-button\" download aria-describedby=\"wp-block-file--media-daa16a29-a9bc-44b8-a41f-d111579de418\">Herunterladen<\/a><\/div>\n\n\n\n<div class=\"wp-block-file\"><a id=\"wp-block-file--media-5c9accce-96f8-4c55-bcbc-6559c87d2dcb\" href=\"https:\/\/www.feuerwehr-halberstadt.de\/wp-content\/uploads\/2019\/07\/Gebuehrensatzung-2018.pdf\">Gebuehrensatzung-2018<\/a><a href=\"https:\/\/www.feuerwehr-halberstadt.de\/wp-content\/uploads\/2019\/07\/Gebuehrensatzung-2018.pdf\" class=\"wp-block-file__button btn btn-primary wp-element-button\" download aria-describedby=\"wp-block-file--media-5c9accce-96f8-4c55-bcbc-6559c87d2dcb\">Herunterladen<\/a><\/div>\n\n\n\n<div class=\"wp-block-file\"><a id=\"wp-block-file--media-2efd7fd3-965a-42be-b9cc-4cb85e9f5d35\" href=\"https:\/\/www.feuerwehr-halberstadt.de\/wp-content\/uploads\/2024\/03\/Satzung-Foerderverein.pdf\">Satzung F\u00f6rderverein<\/a><a href=\"https:\/\/www.feuerwehr-halberstadt.de\/wp-content\/uploads\/2024\/03\/Satzung-Foerderverein.pdf\" class=\"wp-block-file__button btn btn-primary wp-element-button\" download aria-describedby=\"wp-block-file--media-2efd7fd3-965a-42be-b9cc-4cb85e9f5d35\">Herunterladen<\/a><\/div>\n\n\n\n<h4 class=\"wp-block-heading\">Dienstplan Ortsjugendfeuerwehr Halberstadt<\/h4>\n\n\n\n<div class=\"wp-block-file\"><a id=\"wp-block-file--media-a9dc62f8-e070-43ec-8c58-1bdda9fa0b6d\" href=\"https:\/\/www.feuerwehr-halberstadt.de\/wp-content\/uploads\/2025\/01\/Dienstplan-01-2025.pdf\">Dienstplan 01-2025<\/a><a href=\"https:\/\/www.feuerwehr-halberstadt.de\/wp-content\/uploads\/2025\/01\/Dienstplan-01-2025.pdf\" class=\"wp-block-file__button btn btn-primary wp-element-button\" download aria-describedby=\"wp-block-file--media-a9dc62f8-e070-43ec-8c58-1bdda9fa0b6d\">Herunterladen<\/a><\/div>\n","protected":false},"excerpt":{"rendered":"<p>Aufnahmeantr\u00e4ge Aufnahmeantr\u00e4ge Jugendfeuerwehr Handb\u00fccher f\u00fcr Berufsfeuerwehren Satzungen Dienstplan Ortsjugendfeuerwehr Halberstadt<\/p>\n","protected":false},"author":2,"featured_media":0,"parent":0,"menu_order":0,"comment_status":"closed","ping_status":"closed","template":"","meta":{"_acf_changed":false,"footnotes":""},"class_list":["post-253","page","type-page","status-publish","hentry"],"acf":[],"yoast_head":"<!-- This site is optimized with the Yoast SEO plugin v27.3 - https:\/\/yoast.com\/product\/yoast-seo-wordpress\/ -->\n<title>Downloads - Feuerwehr Halberstadt<\/title>\n<meta name=\"robots\" content=\"index, follow, max-snippet:-1, max-image-preview:large, max-video-preview:-1\" \/>\n<link rel=\"canonical\" href=\"https:\/\/www.feuerwehr-halberstadt.de\/?page_id=253\" \/>\n<meta property=\"og:locale\" content=\"de_DE\" \/>\n<meta property=\"og:type\" content=\"article\" \/>\n<meta property=\"og:title\" content=\"Downloads - Feuerwehr Halberstadt\" \/>\n<meta property=\"og:description\" content=\"Aufnahmeantr\u00e4ge Aufnahmeantr\u00e4ge Jugendfeuerwehr Handb\u00fccher f\u00fcr Berufsfeuerwehren Satzungen Dienstplan Ortsjugendfeuerwehr Halberstadt\" \/>\n<meta property=\"og:url\" content=\"https:\/\/www.feuerwehr-halberstadt.de\/?page_id=253\" \/>\n<meta property=\"og:site_name\" content=\"Feuerwehr Halberstadt\" \/>\n<meta property=\"article:publisher\" content=\"https:\/\/www.facebook.com\/FeuerwehrHalberstadt\/\" \/>\n<meta property=\"article:modified_time\" content=\"2025-01-29T10:19:48+00:00\" \/>\n<meta property=\"og:image\" content=\"https:\/\/www.feuerwehr-halberstadt.de\/wp-content\/uploads\/2023\/09\/cropped-Feuerwehr_HBS_Logo-removebg-preview-1.png\" \/>\n\t<meta property=\"og:image:width\" content=\"444\" \/>\n\t<meta property=\"og:image:height\" content=\"409\" \/>\n\t<meta property=\"og:image:type\" content=\"image\/png\" \/>\n<meta name=\"twitter:card\" content=\"summary_large_image\" \/>\n<meta name=\"twitter:label1\" content=\"Gesch\u00e4tzte Lesezeit\" \/>\n\t<meta name=\"twitter:data1\" content=\"1\u00a0Minute\" \/>\n<script type=\"application\/ld+json\" class=\"yoast-schema-graph\">{\"@context\":\"https:\\\/\\\/schema.org\",\"@graph\":[{\"@type\":\"WebPage\",\"@id\":\"https:\\\/\\\/www.feuerwehr-halberstadt.de\\\/?page_id=253\",\"url\":\"https:\\\/\\\/www.feuerwehr-halberstadt.de\\\/?page_id=253\",\"name\":\"Downloads - Feuerwehr Halberstadt\",\"isPartOf\":{\"@id\":\"https:\\\/\\\/www.feuerwehr-halberstadt.de\\\/#website\"},\"datePublished\":\"2019-06-26T05:42:40+00:00\",\"dateModified\":\"2025-01-29T10:19:48+00:00\",\"breadcrumb\":{\"@id\":\"https:\\\/\\\/www.feuerwehr-halberstadt.de\\\/?page_id=253#breadcrumb\"},\"inLanguage\":\"de\",\"potentialAction\":[{\"@type\":\"ReadAction\",\"target\":[\"https:\\\/\\\/www.feuerwehr-halberstadt.de\\\/?page_id=253\"]}]},{\"@type\":\"BreadcrumbList\",\"@id\":\"https:\\\/\\\/www.feuerwehr-halberstadt.de\\\/?page_id=253#breadcrumb\",\"itemListElement\":[{\"@type\":\"ListItem\",\"position\":1,\"name\":\"Startseite\",\"item\":\"https:\\\/\\\/www.feuerwehr-halberstadt.de\\\/\"},{\"@type\":\"ListItem\",\"position\":2,\"name\":\"Downloads\"}]},{\"@type\":\"WebSite\",\"@id\":\"https:\\\/\\\/www.feuerwehr-halberstadt.de\\\/#website\",\"url\":\"https:\\\/\\\/www.feuerwehr-halberstadt.de\\\/\",\"name\":\"Feuerwehr Halberstadt\",\"description\":\"#imEinsatzf\u00fcrHalberstadt\",\"publisher\":{\"@id\":\"https:\\\/\\\/www.feuerwehr-halberstadt.de\\\/#organization\"},\"potentialAction\":[{\"@type\":\"SearchAction\",\"target\":{\"@type\":\"EntryPoint\",\"urlTemplate\":\"https:\\\/\\\/www.feuerwehr-halberstadt.de\\\/?s={search_term_string}\"},\"query-input\":{\"@type\":\"PropertyValueSpecification\",\"valueRequired\":true,\"valueName\":\"search_term_string\"}}],\"inLanguage\":\"de\"},{\"@type\":\"Organization\",\"@id\":\"https:\\\/\\\/www.feuerwehr-halberstadt.de\\\/#organization\",\"name\":\"Feuerwehr Halberstadt\",\"url\":\"https:\\\/\\\/www.feuerwehr-halberstadt.de\\\/\",\"logo\":{\"@type\":\"ImageObject\",\"inLanguage\":\"de\",\"@id\":\"https:\\\/\\\/www.feuerwehr-halberstadt.de\\\/#\\\/schema\\\/logo\\\/image\\\/\",\"url\":\"https:\\\/\\\/www.feuerwehr-halberstadt.de\\\/wp-content\\\/uploads\\\/2023\\\/10\\\/IMG_0126.png\",\"contentUrl\":\"https:\\\/\\\/www.feuerwehr-halberstadt.de\\\/wp-content\\\/uploads\\\/2023\\\/10\\\/IMG_0126.png\",\"width\":1500,\"height\":399,\"caption\":\"Feuerwehr Halberstadt\"},\"image\":{\"@id\":\"https:\\\/\\\/www.feuerwehr-halberstadt.de\\\/#\\\/schema\\\/logo\\\/image\\\/\"},\"sameAs\":[\"https:\\\/\\\/www.facebook.com\\\/FeuerwehrHalberstadt\\\/\"]}]}<\/script>\n<!-- \/ Yoast SEO plugin. -->","yoast_head_json":{"title":"Downloads - Feuerwehr Halberstadt","robots":{"index":"index","follow":"follow","max-snippet":"max-snippet:-1","max-image-preview":"max-image-preview:large","max-video-preview":"max-video-preview:-1"},"canonical":"https:\/\/www.feuerwehr-halberstadt.de\/?page_id=253","og_locale":"de_DE","og_type":"article","og_title":"Downloads - Feuerwehr Halberstadt","og_description":"Aufnahmeantr\u00e4ge Aufnahmeantr\u00e4ge Jugendfeuerwehr Handb\u00fccher f\u00fcr Berufsfeuerwehren Satzungen Dienstplan Ortsjugendfeuerwehr Halberstadt","og_url":"https:\/\/www.feuerwehr-halberstadt.de\/?page_id=253","og_site_name":"Feuerwehr Halberstadt","article_publisher":"https:\/\/www.facebook.com\/FeuerwehrHalberstadt\/","article_modified_time":"2025-01-29T10:19:48+00:00","og_image":[{"width":444,"height":409,"url":"https:\/\/www.feuerwehr-halberstadt.de\/wp-content\/uploads\/2023\/09\/cropped-Feuerwehr_HBS_Logo-removebg-preview-1.png","type":"image\/png"}],"twitter_card":"summary_large_image","twitter_misc":{"Gesch\u00e4tzte Lesezeit":"1\u00a0Minute"},"schema":{"@context":"https:\/\/schema.org","@graph":[{"@type":"WebPage","@id":"https:\/\/www.feuerwehr-halberstadt.de\/?page_id=253","url":"https:\/\/www.feuerwehr-halberstadt.de\/?page_id=253","name":"Downloads - Feuerwehr Halberstadt","isPartOf":{"@id":"https:\/\/www.feuerwehr-halberstadt.de\/#website"},"datePublished":"2019-06-26T05:42:40+00:00","dateModified":"2025-01-29T10:19:48+00:00","breadcrumb":{"@id":"https:\/\/www.feuerwehr-halberstadt.de\/?page_id=253#breadcrumb"},"inLanguage":"de","potentialAction":[{"@type":"ReadAction","target":["https:\/\/www.feuerwehr-halberstadt.de\/?page_id=253"]}]},{"@type":"BreadcrumbList","@id":"https:\/\/www.feuerwehr-halberstadt.de\/?page_id=253#breadcrumb","itemListElement":[{"@type":"ListItem","position":1,"name":"Startseite","item":"https:\/\/www.feuerwehr-halberstadt.de\/"},{"@type":"ListItem","position":2,"name":"Downloads"}]},{"@type":"WebSite","@id":"https:\/\/www.feuerwehr-halberstadt.de\/#website","url":"https:\/\/www.feuerwehr-halberstadt.de\/","name":"Feuerwehr Halberstadt","description":"#imEinsatzf\u00fcrHalberstadt","publisher":{"@id":"https:\/\/www.feuerwehr-halberstadt.de\/#organization"},"potentialAction":[{"@type":"SearchAction","target":{"@type":"EntryPoint","urlTemplate":"https:\/\/www.feuerwehr-halberstadt.de\/?s={search_term_string}"},"query-input":{"@type":"PropertyValueSpecification","valueRequired":true,"valueName":"search_term_string"}}],"inLanguage":"de"},{"@type":"Organization","@id":"https:\/\/www.feuerwehr-halberstadt.de\/#organization","name":"Feuerwehr Halberstadt","url":"https:\/\/www.feuerwehr-halberstadt.de\/","logo":{"@type":"ImageObject","inLanguage":"de","@id":"https:\/\/www.feuerwehr-halberstadt.de\/#\/schema\/logo\/image\/","url":"https:\/\/www.feuerwehr-halberstadt.de\/wp-content\/uploads\/2023\/10\/IMG_0126.png","contentUrl":"https:\/\/www.feuerwehr-halberstadt.de\/wp-content\/uploads\/2023\/10\/IMG_0126.png","width":1500,"height":399,"caption":"Feuerwehr Halberstadt"},"image":{"@id":"https:\/\/www.feuerwehr-halberstadt.de\/#\/schema\/logo\/image\/"},"sameAs":["https:\/\/www.facebook.com\/FeuerwehrHalberstadt\/"]}]}},"_links":{"self":[{"href":"https:\/\/www.feuerwehr-halberstadt.de\/index.php?rest_route=\/wp\/v2\/pages\/253","targetHints":{"allow":["GET"]}}],"collection":[{"href":"https:\/\/www.feuerwehr-halberstadt.de\/index.php?rest_route=\/wp\/v2\/pages"}],"about":[{"href":"https:\/\/www.feuerwehr-halberstadt.de\/index.php?rest_route=\/wp\/v2\/types\/page"}],"author":[{"embeddable":true,"href":"https:\/\/www.feuerwehr-halberstadt.de\/index.php?rest_route=\/wp\/v2\/users\/2"}],"replies":[{"embeddable":true,"href":"https:\/\/www.feuerwehr-halberstadt.de\/index.php?rest_route=%2Fwp%2Fv2%2Fcomments&post=253"}],"version-history":[{"count":14,"href":"https:\/\/www.feuerwehr-halberstadt.de\/index.php?rest_route=\/wp\/v2\/pages\/253\/revisions"}],"predecessor-version":[{"id":16227,"href":"https:\/\/www.feuerwehr-halberstadt.de\/index.php?rest_route=\/wp\/v2\/pages\/253\/revisions\/16227"}],"wp:attachment":[{"href":"https:\/\/www.feuerwehr-halberstadt.de\/index.php?rest_route=%2Fwp%2Fv2%2Fmedia&parent=253"}],"curies":[{"name":"wp","href":"https:\/\/api.w.org\/{rel}","templated":true}]}}