{"id":24,"date":"2019-05-14T00:02:40","date_gmt":"2019-05-13T22:02:40","guid":{"rendered":"http:\/\/relaunch.feuerwehr-halberstadt.de\/?page_id=24"},"modified":"2026-03-22T13:56:04","modified_gmt":"2026-03-22T12:56:04","slug":"kontakt","status":"publish","type":"page","link":"https:\/\/www.feuerwehr-halberstadt.de\/?page_id=24","title":{"rendered":"Kontakte"},"content":{"rendered":"\n<p>Die Feuerwehr Halberstadt wird von engagierten F\u00fchrungskr\u00e4ften geleitet, die f\u00fcr die Organisation, Einsatzbereitschaft und Weiterentwicklung der Feuerwehr verantwortlich sind. Sie stehen den Kameradinnen und Kameraden ebenso wie B\u00fcrgerinnen und B\u00fcrgern als Ansprechpartner zur Verf\u00fcgung.<\/p>\n\n\n\n<p>F\u00fcr Fragen rund um den Einsatzdienst, die Aus- und Fortbildung, organisatorische Belange oder die verschiedenen Abteilungen der Feuerwehr finden Sie hier die zust\u00e4ndigen Ansprechpartner und F\u00fchrungskr\u00e4fte.<\/p>\n\n\n\n<p>Die jeweiligen <strong>Kontaktdaten<\/strong> sind in der nachfolgenden \u00dcbersicht dargestellt und erm\u00f6glichen eine direkte Kontaktaufnahme.<\/p>\n\n\n\n<p>Allgemeine Anfragen k\u00f6nnen auch an <strong>feuerwehr@halberstadt.de<\/strong> geschickt werden.<\/p>\n\n\n\n<p style=\"font-size:22px\"><strong>Ansprechpartner der Stadt Halberstadt &#8211;<\/strong> <strong>Abteilung Feuerwehr<\/strong>, Berufsfeuerwehr<\/p>\n\n\n\n<figure class=\"wp-block-table table table-hover table-striped is-style-regular\"><table class=\"table table-hover table-striped\"><tbody><tr><td class=\"has-text-align-left\" data-align=\"left\">Gesch\u00e4ftszimmer<\/td><td>Frau Laugwitz<\/td><td><a href=\"mailto:sabine.laugwitz@halberstadt.de\">sabine.laugwitz@halberstadt.de<\/a><\/td><td>03941\/551370<\/td><\/tr><tr><td class=\"has-text-align-left\" data-align=\"left\">Abteilungsleiter <\/td><td>Herr Wetzel<\/td><td><a href=\"mailto:wetzel@halberstadt.de\">wetzel@halberstadt.de<\/a><\/td><td>03941\/551371<\/td><\/tr><tr><td class=\"has-text-align-left\" data-align=\"left\">Vorbeugender Brandschutz<\/td><td>Herr Dittmer<\/td><td><a href=\"mailto:dittmer@halberstadt.de\">dittmer@halberstadt.de<\/a><\/td><td>03941\/551373<\/td><\/tr><tr><td class=\"has-text-align-left\" data-align=\"left\">Technik \/ Einsatzvorbereitung<\/td><td>Herr Dietrich<\/td><td><a href=\"mailto:dietrich@halberstadt.de\">dietrich@halberstadt.de<\/a><\/td><td>03941\/551372<\/td><\/tr><\/tbody><\/table><\/figure>\n\n\n\n<p style=\"font-size:22px\"><strong>Ansprechpartner der Freiwilligen Feuerwehr<\/strong>, Stadtfeuerwehr<\/p>\n\n\n\n<figure class=\"wp-block-table table table-hover table-striped\"><table class=\"table table-hover table-striped\"><tbody><tr><td>Stadtwehrleiter<\/td><td>Herr Schulz<\/td><td><a href=\"mailto:foerderverein@feuerwehr-halberstadt.de\"><\/a><a href=\"mailto:stadtwehrleiter@feuerwehr-halberstadt.de\">stadtwehrleiter@feuerwehr-halberstadt.de<\/a><\/td><\/tr><tr><td>Stadtausbildungsleiter<\/td><td>Herr Hartmann<\/td><td><a href=\"mailto:stadtausbildungsleiter@feuerwehr-halberstadt.de\">stadtausbildungsleiter@feuerwehr-halberstadt.de<\/a><\/td><\/tr><tr><td>Stadtjugendfeuerwehr<\/td><td>Herr Rahn<br>Frau Winkler<\/td><td><a href=\"mailto:stadtjugendwart@feuerwehr-halberstadt.de\">stadtjugendwart@feuerwehr-halberstadt.de<\/a><\/td><\/tr><tr><td>Pressesprecher<\/td><td>Herr Buchold<br>Herr K\u00fchne<\/td><td><a href=\"mailto:pressesprecher@feuerwehr-halberstadt.de\">pressesprecher@feuerwehr-halberstadt.de<\/a><\/td><\/tr><\/tbody><\/table><\/figure>\n\n\n\n<p style=\"font-size:22px\"><strong>Ansprechpartner der<\/strong> <strong>Freiwilligen Feuerwehr<\/strong>, Ortsfeuerwehren<\/p>\n\n\n\n<figure class=\"wp-block-table table table-hover table-striped is-style-regular\"><table class=\"table table-hover table-striped\"><tbody><tr><td>Ortswehrleitung Aspenstedt<\/td><td>Herr Hauptmann<br>Herr Breitschuh<\/td><td><a href=\"mailto:aspenstedt@feuerwehr-halberstadt.de\">aspenstedt@feuerwehr-halberstadt.de<\/a><\/td><\/tr><tr><td>Ortswehrleitung Athenstedt<\/td><td>Herr Kundt<br>Herr Holzmann<\/td><td><a href=\"mailto:athenstedt@feuerwehr-halberstadt.de\">athenstedt@feuerwehr-halberstadt.de<\/a><\/td><\/tr><tr><td>Ortswehrleitung Emersleben<\/td><td>Herr K\u00fcppers<br>Herr Dietrich<\/td><td><a href=\"mailto:emersleben@feuerwehr-halberstadt.de\">emersleben@feuerwehr-halberstadt.de<\/a><\/td><\/tr><tr><td>Ortswehrleitung Halberstadt<\/td><td>Herr Braumann<br>Herr Becker<\/td><td><a href=\"mailto:halberstadt@feuerwehr-halberstadt.de\">halberstadt@feuerwehr-halberstadt.de<\/a><\/td><\/tr><tr><td>Ortswehrleitung Klein Quenstedt<\/td><td>Herr Czaja<br>Herr Tunsch<\/td><td><a href=\"mailto:kleinquenstedt@feuerwehr-halberstadt.de\">kleinquenstedt@feuerwehr-halberstadt.de<\/a><\/td><\/tr><tr><td>Ortswehrleitung Langenstein<\/td><td>Herr Boog<br>Herr Hilgert<\/td><td><a href=\"mailto:langenstein@feuerwehr-halberstadt.de\">langenstein@feuerwehr-halberstadt.de<\/a><\/td><\/tr><tr><td>Ortswehrleitung Sargstedt<\/td><td>Herr Pannier<br>Frau K\u00f6sling<\/td><td><a href=\"mailto:sargstedt@feuerwehr-halberstadt.de\">sargstedt@feuerwehr-halberstadt.de<\/a><\/td><\/tr><tr><td>Ortswehrleitung Str\u00f6beck<\/td><td>Herr Loeffke<br>Herr Martens<\/td><td><a href=\"mailto:stroebeck@feuerwehr-halberstadt.de\">stroebeck@feuerwehr-halberstadt.de<\/a><\/td><\/tr><\/tbody><\/table><\/figure>\n","protected":false},"excerpt":{"rendered":"<p>Die Feuerwehr Halberstadt wird von engagierten F\u00fchrungskr\u00e4ften geleitet, die f\u00fcr die Organisation, Einsatzbereitschaft und Weiterentwicklung der Feuerwehr verantwortlich sind. Sie stehen den Kameradinnen und Kameraden ebenso wie B\u00fcrgerinnen und B\u00fcrgern als Ansprechpartner zur Verf\u00fcgung. F\u00fcr Fragen rund um den Einsatzdienst, die Aus- und Fortbildung, organisatorische Belange oder die verschiedenen Abteilungen der Feuerwehr finden Sie hier [&hellip;]<\/p>\n","protected":false},"author":2,"featured_media":0,"parent":0,"menu_order":0,"comment_status":"closed","ping_status":"closed","template":"","meta":{"_acf_changed":false,"footnotes":""},"class_list":["post-24","page","type-page","status-publish","hentry"],"acf":[],"yoast_head":"<!-- This site is optimized with the Yoast SEO plugin v27.5 - https:\/\/yoast.com\/product\/yoast-seo-wordpress\/ -->\n<title>Kontakte - Feuerwehr Halberstadt<\/title>\n<meta name=\"robots\" content=\"index, follow, max-snippet:-1, max-image-preview:large, max-video-preview:-1\" \/>\n<link rel=\"canonical\" href=\"https:\/\/www.feuerwehr-halberstadt.de\/?page_id=24\" \/>\n<meta property=\"og:locale\" content=\"de_DE\" \/>\n<meta property=\"og:type\" content=\"article\" \/>\n<meta property=\"og:title\" content=\"Kontakte - Feuerwehr Halberstadt\" \/>\n<meta property=\"og:description\" content=\"Die Feuerwehr Halberstadt wird von engagierten F\u00fchrungskr\u00e4ften geleitet, die f\u00fcr die Organisation, Einsatzbereitschaft und Weiterentwicklung der Feuerwehr verantwortlich sind. Sie stehen den Kameradinnen und Kameraden ebenso wie B\u00fcrgerinnen und B\u00fcrgern als Ansprechpartner zur Verf\u00fcgung. F\u00fcr Fragen rund um den Einsatzdienst, die Aus- und Fortbildung, organisatorische Belange oder die verschiedenen Abteilungen der Feuerwehr finden Sie hier [&hellip;]\" \/>\n<meta property=\"og:url\" content=\"https:\/\/www.feuerwehr-halberstadt.de\/?page_id=24\" \/>\n<meta property=\"og:site_name\" content=\"Feuerwehr Halberstadt\" \/>\n<meta property=\"article:publisher\" content=\"https:\/\/www.facebook.com\/FeuerwehrHalberstadt\/\" \/>\n<meta property=\"article:modified_time\" content=\"2026-03-22T12:56:04+00:00\" \/>\n<meta property=\"og:image\" content=\"https:\/\/www.feuerwehr-halberstadt.de\/wp-content\/uploads\/2023\/09\/cropped-Feuerwehr_HBS_Logo-removebg-preview-1.png\" \/>\n\t<meta property=\"og:image:width\" content=\"444\" \/>\n\t<meta property=\"og:image:height\" content=\"409\" \/>\n\t<meta property=\"og:image:type\" content=\"image\/png\" \/>\n<meta name=\"twitter:card\" content=\"summary_large_image\" \/>\n<meta name=\"twitter:label1\" content=\"Gesch\u00e4tzte Lesezeit\" \/>\n\t<meta name=\"twitter:data1\" content=\"2\u00a0Minuten\" \/>\n<script type=\"application\/ld+json\" class=\"yoast-schema-graph\">{\"@context\":\"https:\\\/\\\/schema.org\",\"@graph\":[{\"@type\":\"WebPage\",\"@id\":\"https:\\\/\\\/www.feuerwehr-halberstadt.de\\\/?page_id=24\",\"url\":\"https:\\\/\\\/www.feuerwehr-halberstadt.de\\\/?page_id=24\",\"name\":\"Kontakte - Feuerwehr Halberstadt\",\"isPartOf\":{\"@id\":\"https:\\\/\\\/www.feuerwehr-halberstadt.de\\\/#website\"},\"datePublished\":\"2019-05-13T22:02:40+00:00\",\"dateModified\":\"2026-03-22T12:56:04+00:00\",\"breadcrumb\":{\"@id\":\"https:\\\/\\\/www.feuerwehr-halberstadt.de\\\/?page_id=24#breadcrumb\"},\"inLanguage\":\"de\",\"potentialAction\":[{\"@type\":\"ReadAction\",\"target\":[\"https:\\\/\\\/www.feuerwehr-halberstadt.de\\\/?page_id=24\"]}]},{\"@type\":\"BreadcrumbList\",\"@id\":\"https:\\\/\\\/www.feuerwehr-halberstadt.de\\\/?page_id=24#breadcrumb\",\"itemListElement\":[{\"@type\":\"ListItem\",\"position\":1,\"name\":\"Startseite\",\"item\":\"https:\\\/\\\/www.feuerwehr-halberstadt.de\\\/\"},{\"@type\":\"ListItem\",\"position\":2,\"name\":\"Kontakte\"}]},{\"@type\":\"WebSite\",\"@id\":\"https:\\\/\\\/www.feuerwehr-halberstadt.de\\\/#website\",\"url\":\"https:\\\/\\\/www.feuerwehr-halberstadt.de\\\/\",\"name\":\"Feuerwehr Halberstadt\",\"description\":\"#imEinsatzf\u00fcrHalberstadt\",\"publisher\":{\"@id\":\"https:\\\/\\\/www.feuerwehr-halberstadt.de\\\/#organization\"},\"potentialAction\":[{\"@type\":\"SearchAction\",\"target\":{\"@type\":\"EntryPoint\",\"urlTemplate\":\"https:\\\/\\\/www.feuerwehr-halberstadt.de\\\/?s={search_term_string}\"},\"query-input\":{\"@type\":\"PropertyValueSpecification\",\"valueRequired\":true,\"valueName\":\"search_term_string\"}}],\"inLanguage\":\"de\"},{\"@type\":\"Organization\",\"@id\":\"https:\\\/\\\/www.feuerwehr-halberstadt.de\\\/#organization\",\"name\":\"Feuerwehr Halberstadt\",\"url\":\"https:\\\/\\\/www.feuerwehr-halberstadt.de\\\/\",\"logo\":{\"@type\":\"ImageObject\",\"inLanguage\":\"de\",\"@id\":\"https:\\\/\\\/www.feuerwehr-halberstadt.de\\\/#\\\/schema\\\/logo\\\/image\\\/\",\"url\":\"https:\\\/\\\/www.feuerwehr-halberstadt.de\\\/wp-content\\\/uploads\\\/2023\\\/10\\\/IMG_0126.png\",\"contentUrl\":\"https:\\\/\\\/www.feuerwehr-halberstadt.de\\\/wp-content\\\/uploads\\\/2023\\\/10\\\/IMG_0126.png\",\"width\":1500,\"height\":399,\"caption\":\"Feuerwehr Halberstadt\"},\"image\":{\"@id\":\"https:\\\/\\\/www.feuerwehr-halberstadt.de\\\/#\\\/schema\\\/logo\\\/image\\\/\"},\"sameAs\":[\"https:\\\/\\\/www.facebook.com\\\/FeuerwehrHalberstadt\\\/\"]}]}<\/script>\n<!-- \/ Yoast SEO plugin. -->","yoast_head_json":{"title":"Kontakte - Feuerwehr Halberstadt","robots":{"index":"index","follow":"follow","max-snippet":"max-snippet:-1","max-image-preview":"max-image-preview:large","max-video-preview":"max-video-preview:-1"},"canonical":"https:\/\/www.feuerwehr-halberstadt.de\/?page_id=24","og_locale":"de_DE","og_type":"article","og_title":"Kontakte - Feuerwehr Halberstadt","og_description":"Die Feuerwehr Halberstadt wird von engagierten F\u00fchrungskr\u00e4ften geleitet, die f\u00fcr die Organisation, Einsatzbereitschaft und Weiterentwicklung der Feuerwehr verantwortlich sind. Sie stehen den Kameradinnen und Kameraden ebenso wie B\u00fcrgerinnen und B\u00fcrgern als Ansprechpartner zur Verf\u00fcgung. F\u00fcr Fragen rund um den Einsatzdienst, die Aus- und Fortbildung, organisatorische Belange oder die verschiedenen Abteilungen der Feuerwehr finden Sie hier [&hellip;]","og_url":"https:\/\/www.feuerwehr-halberstadt.de\/?page_id=24","og_site_name":"Feuerwehr Halberstadt","article_publisher":"https:\/\/www.facebook.com\/FeuerwehrHalberstadt\/","article_modified_time":"2026-03-22T12:56:04+00:00","og_image":[{"width":444,"height":409,"url":"https:\/\/www.feuerwehr-halberstadt.de\/wp-content\/uploads\/2023\/09\/cropped-Feuerwehr_HBS_Logo-removebg-preview-1.png","type":"image\/png"}],"twitter_card":"summary_large_image","twitter_misc":{"Gesch\u00e4tzte Lesezeit":"2\u00a0Minuten"},"schema":{"@context":"https:\/\/schema.org","@graph":[{"@type":"WebPage","@id":"https:\/\/www.feuerwehr-halberstadt.de\/?page_id=24","url":"https:\/\/www.feuerwehr-halberstadt.de\/?page_id=24","name":"Kontakte - Feuerwehr Halberstadt","isPartOf":{"@id":"https:\/\/www.feuerwehr-halberstadt.de\/#website"},"datePublished":"2019-05-13T22:02:40+00:00","dateModified":"2026-03-22T12:56:04+00:00","breadcrumb":{"@id":"https:\/\/www.feuerwehr-halberstadt.de\/?page_id=24#breadcrumb"},"inLanguage":"de","potentialAction":[{"@type":"ReadAction","target":["https:\/\/www.feuerwehr-halberstadt.de\/?page_id=24"]}]},{"@type":"BreadcrumbList","@id":"https:\/\/www.feuerwehr-halberstadt.de\/?page_id=24#breadcrumb","itemListElement":[{"@type":"ListItem","position":1,"name":"Startseite","item":"https:\/\/www.feuerwehr-halberstadt.de\/"},{"@type":"ListItem","position":2,"name":"Kontakte"}]},{"@type":"WebSite","@id":"https:\/\/www.feuerwehr-halberstadt.de\/#website","url":"https:\/\/www.feuerwehr-halberstadt.de\/","name":"Feuerwehr Halberstadt","description":"#imEinsatzf\u00fcrHalberstadt","publisher":{"@id":"https:\/\/www.feuerwehr-halberstadt.de\/#organization"},"potentialAction":[{"@type":"SearchAction","target":{"@type":"EntryPoint","urlTemplate":"https:\/\/www.feuerwehr-halberstadt.de\/?s={search_term_string}"},"query-input":{"@type":"PropertyValueSpecification","valueRequired":true,"valueName":"search_term_string"}}],"inLanguage":"de"},{"@type":"Organization","@id":"https:\/\/www.feuerwehr-halberstadt.de\/#organization","name":"Feuerwehr Halberstadt","url":"https:\/\/www.feuerwehr-halberstadt.de\/","logo":{"@type":"ImageObject","inLanguage":"de","@id":"https:\/\/www.feuerwehr-halberstadt.de\/#\/schema\/logo\/image\/","url":"https:\/\/www.feuerwehr-halberstadt.de\/wp-content\/uploads\/2023\/10\/IMG_0126.png","contentUrl":"https:\/\/www.feuerwehr-halberstadt.de\/wp-content\/uploads\/2023\/10\/IMG_0126.png","width":1500,"height":399,"caption":"Feuerwehr Halberstadt"},"image":{"@id":"https:\/\/www.feuerwehr-halberstadt.de\/#\/schema\/logo\/image\/"},"sameAs":["https:\/\/www.facebook.com\/FeuerwehrHalberstadt\/"]}]}},"_links":{"self":[{"href":"https:\/\/www.feuerwehr-halberstadt.de\/index.php?rest_route=\/wp\/v2\/pages\/24","targetHints":{"allow":["GET"]}}],"collection":[{"href":"https:\/\/www.feuerwehr-halberstadt.de\/index.php?rest_route=\/wp\/v2\/pages"}],"about":[{"href":"https:\/\/www.feuerwehr-halberstadt.de\/index.php?rest_route=\/wp\/v2\/types\/page"}],"author":[{"embeddable":true,"href":"https:\/\/www.feuerwehr-halberstadt.de\/index.php?rest_route=\/wp\/v2\/users\/2"}],"replies":[{"embeddable":true,"href":"https:\/\/www.feuerwehr-halberstadt.de\/index.php?rest_route=%2Fwp%2Fv2%2Fcomments&post=24"}],"version-history":[{"count":87,"href":"https:\/\/www.feuerwehr-halberstadt.de\/index.php?rest_route=\/wp\/v2\/pages\/24\/revisions"}],"predecessor-version":[{"id":18354,"href":"https:\/\/www.feuerwehr-halberstadt.de\/index.php?rest_route=\/wp\/v2\/pages\/24\/revisions\/18354"}],"wp:attachment":[{"href":"https:\/\/www.feuerwehr-halberstadt.de\/index.php?rest_route=%2Fwp%2Fv2%2Fmedia&parent=24"}],"curies":[{"name":"wp","href":"https:\/\/api.w.org\/{rel}","templated":true}]}}