{"id":16116,"date":"2025-10-16T14:46:31","date_gmt":"2025-10-16T12:46:31","guid":{"rendered":"https:\/\/www.feuerwehr-halberstadt.de\/?page_id=16116"},"modified":"2025-11-02T08:53:57","modified_gmt":"2025-11-02T07:53:57","slug":"fuehrungsdienst-und-einsatzleitdienst","status":"publish","type":"page","link":"https:\/\/www.feuerwehr-halberstadt.de\/?page_id=16116","title":{"rendered":"F\u00fchrungs- und Einsatzleitdienst"},"content":{"rendered":"\n<div class=\"wp-block-media-text is-stacked-on-mobile is-vertically-aligned-center\" style=\"grid-template-columns:40% auto\"><figure class=\"wp-block-media-text__media\"><img loading=\"lazy\" decoding=\"async\" width=\"1024\" height=\"1024\" src=\"https:\/\/www.feuerwehr-halberstadt.de\/wp-content\/uploads\/2025\/10\/FD-Wetzel-1024x1024.jpeg\" alt=\"\" class=\"wp-image-17264 size-large\" srcset=\"https:\/\/www.feuerwehr-halberstadt.de\/wp-content\/uploads\/2025\/10\/FD-Wetzel-1024x1024.jpeg 1024w, https:\/\/www.feuerwehr-halberstadt.de\/wp-content\/uploads\/2025\/10\/FD-Wetzel-300x300.jpeg 300w, https:\/\/www.feuerwehr-halberstadt.de\/wp-content\/uploads\/2025\/10\/FD-Wetzel-150x150.jpeg 150w, https:\/\/www.feuerwehr-halberstadt.de\/wp-content\/uploads\/2025\/10\/FD-Wetzel-768x768.jpeg 768w, https:\/\/www.feuerwehr-halberstadt.de\/wp-content\/uploads\/2025\/10\/FD-Wetzel-1536x1536.jpeg 1536w, https:\/\/www.feuerwehr-halberstadt.de\/wp-content\/uploads\/2025\/10\/FD-Wetzel.jpeg 1796w\" sizes=\"auto, (max-width: 1024px) 100vw, 1024px\" \/><\/figure><div class=\"wp-block-media-text__content\">\n<p class=\"has-medium-font-size\"><strong>Abteilungsleiter Feuerwehr<\/strong><br>Brandamtsrat Ingo Wetzel<\/p>\n\n\n\n<blockquote class=\"wp-block-quote is-layout-flow wp-block-quote-is-layout-flow\">\n<p class=\"has-small-font-size\"><em>Ingo Wetzel ist der Leiter der Halberst\u00e4dter Feuerwehr. Er \u00fcbernimmt die F\u00fchrung und Organisation der Abteilung Feuerwehr innerhalb der Stadt Halberstadt. Er koordiniert Eins\u00e4tze, Ausbildung und Personalplanung. Zudem ist er Ansprechpartner f\u00fcr interne und externe Belange seiner Abteilung.<\/em><\/p>\n<\/blockquote>\n<\/div><\/div>\n\n\n\n<hr class=\"wp-block-separator has-alpha-channel-opacity\"\/>\n\n\n\n<div class=\"wp-block-media-text has-media-on-the-right is-stacked-on-mobile is-vertically-aligned-center hwb-pmt-abstand\" style=\"grid-template-columns:auto 40%\"><div class=\"wp-block-media-text__content\">\n<p class=\"has-medium-font-size\"><strong>Leiter Technik \/ Einsatzvorbereitung<\/strong><br>Brandoberinspektor Andreas Dietrich<\/p>\n\n\n\n<p class=\"has-small-font-size\"><em>Der Leiter Technik \/ Einsatzvorbereitung sorgt f\u00fcr die technische Ausstattung und Einsatzplanung der Feuerwehr. Er koordiniert Wartung, Beschaffung und Pr\u00fcfung von Ger\u00e4ten sowie die Vorbereitung von Eins\u00e4tzen. Dabei stellt er die Einsatzbereitschaft der Feuerwehr sicher.<\/em><\/p>\n<\/div><figure class=\"wp-block-media-text__media\"><img loading=\"lazy\" decoding=\"async\" width=\"1024\" height=\"1024\" src=\"https:\/\/www.feuerwehr-halberstadt.de\/wp-content\/uploads\/2025\/10\/FD-Dietrich-1024x1024.jpeg\" alt=\"\" class=\"wp-image-17262 size-large\" srcset=\"https:\/\/www.feuerwehr-halberstadt.de\/wp-content\/uploads\/2025\/10\/FD-Dietrich-1024x1024.jpeg 1024w, https:\/\/www.feuerwehr-halberstadt.de\/wp-content\/uploads\/2025\/10\/FD-Dietrich-300x300.jpeg 300w, https:\/\/www.feuerwehr-halberstadt.de\/wp-content\/uploads\/2025\/10\/FD-Dietrich-150x150.jpeg 150w, https:\/\/www.feuerwehr-halberstadt.de\/wp-content\/uploads\/2025\/10\/FD-Dietrich-768x768.jpeg 768w, https:\/\/www.feuerwehr-halberstadt.de\/wp-content\/uploads\/2025\/10\/FD-Dietrich-1536x1536.jpeg 1536w, https:\/\/www.feuerwehr-halberstadt.de\/wp-content\/uploads\/2025\/10\/FD-Dietrich-2048x2048.jpeg 2048w\" sizes=\"auto, (max-width: 1024px) 100vw, 1024px\" \/><\/figure><\/div>\n\n\n\n<hr class=\"wp-block-separator has-alpha-channel-opacity\"\/>\n\n\n\n<div class=\"wp-block-media-text is-stacked-on-mobile is-vertically-aligned-center\" style=\"grid-template-columns:40% auto\"><figure class=\"wp-block-media-text__media\"><img loading=\"lazy\" decoding=\"async\" width=\"1024\" height=\"1024\" src=\"https:\/\/www.feuerwehr-halberstadt.de\/wp-content\/uploads\/2025\/10\/FD-Dittmer-1024x1024.jpeg\" alt=\"\" class=\"wp-image-17263 size-large\" srcset=\"https:\/\/www.feuerwehr-halberstadt.de\/wp-content\/uploads\/2025\/10\/FD-Dittmer-1024x1024.jpeg 1024w, https:\/\/www.feuerwehr-halberstadt.de\/wp-content\/uploads\/2025\/10\/FD-Dittmer-300x300.jpeg 300w, https:\/\/www.feuerwehr-halberstadt.de\/wp-content\/uploads\/2025\/10\/FD-Dittmer-150x150.jpeg 150w, https:\/\/www.feuerwehr-halberstadt.de\/wp-content\/uploads\/2025\/10\/FD-Dittmer-768x768.jpeg 768w, https:\/\/www.feuerwehr-halberstadt.de\/wp-content\/uploads\/2025\/10\/FD-Dittmer-1536x1536.jpeg 1536w, https:\/\/www.feuerwehr-halberstadt.de\/wp-content\/uploads\/2025\/10\/FD-Dittmer.jpeg 1942w\" sizes=\"auto, (max-width: 1024px) 100vw, 1024px\" \/><\/figure><div class=\"wp-block-media-text__content\">\n<p class=\"has-medium-font-size\"><strong>Leiter Vorbeugender Brandschutz<\/strong><br>Hauptbrandmeister m.Z. Thomas Dittmer<\/p>\n\n\n\n<p class=\"has-small-font-size\"><em><em>Der Leiter Vorbeugender Brandschutz plant und \u00fcberwacht Ma\u00dfnahmen die eine Entstehung und Ausbreitung von Br\u00e4nden verhindern oder erschweren und die &nbsp;Rettung von Personen und Tieren sowie die L\u00f6scharbeiten erm\u00f6glichen. Er f\u00fchrt Brandschutzkontrollen durch und ber\u00e4t bei Bau- und Genehmigungsverfahren, erstellt Einsatzpl\u00e4ne und bildet Brandschutzhelfer aus. Ziel ist es, den Schutz von Menschen und Sachwerten dauerhaft zu gew\u00e4hrleisten.<\/em><\/em><\/p>\n<\/div><\/div>\n","protected":false},"excerpt":{"rendered":"<p>Leiter Technik \/ EinsatzvorbereitungBrandoberinspektor Andreas Dietrich Der Leiter Technik \/ Einsatzvorbereitung sorgt f\u00fcr die technische Ausstattung und Einsatzplanung der Feuerwehr. Er koordiniert Wartung, Beschaffung und Pr\u00fcfung von Ger\u00e4ten sowie die Vorbereitung von Eins\u00e4tzen. Dabei stellt er die Einsatzbereitschaft der Feuerwehr sicher. Leiter Vorbeugender BrandschutzHauptbrandmeister m.Z. Thomas Dittmer Der Leiter Vorbeugender Brandschutz plant und \u00fcberwacht Ma\u00dfnahmen [&hellip;]<\/p>\n","protected":false},"author":2,"featured_media":0,"parent":0,"menu_order":0,"comment_status":"closed","ping_status":"closed","template":"","meta":{"_acf_changed":false,"footnotes":""},"class_list":["post-16116","page","type-page","status-publish","hentry"],"acf":[],"yoast_head":"<!-- This site is optimized with the Yoast SEO plugin v27.4 - https:\/\/yoast.com\/product\/yoast-seo-wordpress\/ -->\n<title>F\u00fchrungs- und Einsatzleitdienst - Feuerwehr Halberstadt<\/title>\n<meta name=\"robots\" content=\"index, follow, max-snippet:-1, max-image-preview:large, max-video-preview:-1\" \/>\n<link rel=\"canonical\" href=\"https:\/\/www.feuerwehr-halberstadt.de\/?page_id=16116\" \/>\n<meta property=\"og:locale\" content=\"de_DE\" \/>\n<meta property=\"og:type\" content=\"article\" \/>\n<meta property=\"og:title\" content=\"F\u00fchrungs- und Einsatzleitdienst - Feuerwehr Halberstadt\" \/>\n<meta property=\"og:description\" content=\"Leiter Technik \/ EinsatzvorbereitungBrandoberinspektor Andreas Dietrich Der Leiter Technik \/ Einsatzvorbereitung sorgt f\u00fcr die technische Ausstattung und Einsatzplanung der Feuerwehr. Er koordiniert Wartung, Beschaffung und Pr\u00fcfung von Ger\u00e4ten sowie die Vorbereitung von Eins\u00e4tzen. Dabei stellt er die Einsatzbereitschaft der Feuerwehr sicher. Leiter Vorbeugender BrandschutzHauptbrandmeister m.Z. Thomas Dittmer Der Leiter Vorbeugender Brandschutz plant und \u00fcberwacht Ma\u00dfnahmen [&hellip;]\" \/>\n<meta property=\"og:url\" content=\"https:\/\/www.feuerwehr-halberstadt.de\/?page_id=16116\" \/>\n<meta property=\"og:site_name\" content=\"Feuerwehr Halberstadt\" \/>\n<meta property=\"article:publisher\" content=\"https:\/\/www.facebook.com\/FeuerwehrHalberstadt\/\" \/>\n<meta property=\"article:modified_time\" content=\"2025-11-02T07:53:57+00:00\" \/>\n<meta property=\"og:image\" content=\"https:\/\/www.feuerwehr-halberstadt.de\/wp-content\/uploads\/2025\/10\/FD-Wetzel.jpeg\" \/>\n\t<meta property=\"og:image:width\" content=\"1796\" \/>\n\t<meta property=\"og:image:height\" content=\"1796\" \/>\n\t<meta property=\"og:image:type\" content=\"image\/jpeg\" \/>\n<meta name=\"twitter:card\" content=\"summary_large_image\" \/>\n<meta name=\"twitter:label1\" content=\"Gesch\u00e4tzte Lesezeit\" \/>\n\t<meta name=\"twitter:data1\" content=\"2\u00a0Minuten\" \/>\n<script type=\"application\/ld+json\" class=\"yoast-schema-graph\">{\"@context\":\"https:\\\/\\\/schema.org\",\"@graph\":[{\"@type\":\"WebPage\",\"@id\":\"https:\\\/\\\/www.feuerwehr-halberstadt.de\\\/?page_id=16116\",\"url\":\"https:\\\/\\\/www.feuerwehr-halberstadt.de\\\/?page_id=16116\",\"name\":\"F\u00fchrungs- und Einsatzleitdienst - Feuerwehr Halberstadt\",\"isPartOf\":{\"@id\":\"https:\\\/\\\/www.feuerwehr-halberstadt.de\\\/#website\"},\"primaryImageOfPage\":{\"@id\":\"https:\\\/\\\/www.feuerwehr-halberstadt.de\\\/?page_id=16116#primaryimage\"},\"image\":{\"@id\":\"https:\\\/\\\/www.feuerwehr-halberstadt.de\\\/?page_id=16116#primaryimage\"},\"thumbnailUrl\":\"https:\\\/\\\/www.feuerwehr-halberstadt.de\\\/wp-content\\\/uploads\\\/2025\\\/10\\\/FD-Wetzel-1024x1024.jpeg\",\"datePublished\":\"2025-10-16T12:46:31+00:00\",\"dateModified\":\"2025-11-02T07:53:57+00:00\",\"breadcrumb\":{\"@id\":\"https:\\\/\\\/www.feuerwehr-halberstadt.de\\\/?page_id=16116#breadcrumb\"},\"inLanguage\":\"de\",\"potentialAction\":[{\"@type\":\"ReadAction\",\"target\":[\"https:\\\/\\\/www.feuerwehr-halberstadt.de\\\/?page_id=16116\"]}]},{\"@type\":\"ImageObject\",\"inLanguage\":\"de\",\"@id\":\"https:\\\/\\\/www.feuerwehr-halberstadt.de\\\/?page_id=16116#primaryimage\",\"url\":\"https:\\\/\\\/www.feuerwehr-halberstadt.de\\\/wp-content\\\/uploads\\\/2025\\\/10\\\/FD-Wetzel.jpeg\",\"contentUrl\":\"https:\\\/\\\/www.feuerwehr-halberstadt.de\\\/wp-content\\\/uploads\\\/2025\\\/10\\\/FD-Wetzel.jpeg\",\"width\":1796,\"height\":1796},{\"@type\":\"BreadcrumbList\",\"@id\":\"https:\\\/\\\/www.feuerwehr-halberstadt.de\\\/?page_id=16116#breadcrumb\",\"itemListElement\":[{\"@type\":\"ListItem\",\"position\":1,\"name\":\"Startseite\",\"item\":\"https:\\\/\\\/www.feuerwehr-halberstadt.de\\\/\"},{\"@type\":\"ListItem\",\"position\":2,\"name\":\"F\u00fchrungs- und Einsatzleitdienst\"}]},{\"@type\":\"WebSite\",\"@id\":\"https:\\\/\\\/www.feuerwehr-halberstadt.de\\\/#website\",\"url\":\"https:\\\/\\\/www.feuerwehr-halberstadt.de\\\/\",\"name\":\"Feuerwehr Halberstadt\",\"description\":\"#imEinsatzf\u00fcrHalberstadt\",\"publisher\":{\"@id\":\"https:\\\/\\\/www.feuerwehr-halberstadt.de\\\/#organization\"},\"potentialAction\":[{\"@type\":\"SearchAction\",\"target\":{\"@type\":\"EntryPoint\",\"urlTemplate\":\"https:\\\/\\\/www.feuerwehr-halberstadt.de\\\/?s={search_term_string}\"},\"query-input\":{\"@type\":\"PropertyValueSpecification\",\"valueRequired\":true,\"valueName\":\"search_term_string\"}}],\"inLanguage\":\"de\"},{\"@type\":\"Organization\",\"@id\":\"https:\\\/\\\/www.feuerwehr-halberstadt.de\\\/#organization\",\"name\":\"Feuerwehr Halberstadt\",\"url\":\"https:\\\/\\\/www.feuerwehr-halberstadt.de\\\/\",\"logo\":{\"@type\":\"ImageObject\",\"inLanguage\":\"de\",\"@id\":\"https:\\\/\\\/www.feuerwehr-halberstadt.de\\\/#\\\/schema\\\/logo\\\/image\\\/\",\"url\":\"https:\\\/\\\/www.feuerwehr-halberstadt.de\\\/wp-content\\\/uploads\\\/2023\\\/10\\\/IMG_0126.png\",\"contentUrl\":\"https:\\\/\\\/www.feuerwehr-halberstadt.de\\\/wp-content\\\/uploads\\\/2023\\\/10\\\/IMG_0126.png\",\"width\":1500,\"height\":399,\"caption\":\"Feuerwehr Halberstadt\"},\"image\":{\"@id\":\"https:\\\/\\\/www.feuerwehr-halberstadt.de\\\/#\\\/schema\\\/logo\\\/image\\\/\"},\"sameAs\":[\"https:\\\/\\\/www.facebook.com\\\/FeuerwehrHalberstadt\\\/\"]}]}<\/script>\n<!-- \/ Yoast SEO plugin. -->","yoast_head_json":{"title":"F\u00fchrungs- und Einsatzleitdienst - Feuerwehr Halberstadt","robots":{"index":"index","follow":"follow","max-snippet":"max-snippet:-1","max-image-preview":"max-image-preview:large","max-video-preview":"max-video-preview:-1"},"canonical":"https:\/\/www.feuerwehr-halberstadt.de\/?page_id=16116","og_locale":"de_DE","og_type":"article","og_title":"F\u00fchrungs- und Einsatzleitdienst - Feuerwehr Halberstadt","og_description":"Leiter Technik \/ EinsatzvorbereitungBrandoberinspektor Andreas Dietrich Der Leiter Technik \/ Einsatzvorbereitung sorgt f\u00fcr die technische Ausstattung und Einsatzplanung der Feuerwehr. Er koordiniert Wartung, Beschaffung und Pr\u00fcfung von Ger\u00e4ten sowie die Vorbereitung von Eins\u00e4tzen. Dabei stellt er die Einsatzbereitschaft der Feuerwehr sicher. Leiter Vorbeugender BrandschutzHauptbrandmeister m.Z. Thomas Dittmer Der Leiter Vorbeugender Brandschutz plant und \u00fcberwacht Ma\u00dfnahmen [&hellip;]","og_url":"https:\/\/www.feuerwehr-halberstadt.de\/?page_id=16116","og_site_name":"Feuerwehr Halberstadt","article_publisher":"https:\/\/www.facebook.com\/FeuerwehrHalberstadt\/","article_modified_time":"2025-11-02T07:53:57+00:00","og_image":[{"width":1796,"height":1796,"url":"https:\/\/www.feuerwehr-halberstadt.de\/wp-content\/uploads\/2025\/10\/FD-Wetzel.jpeg","type":"image\/jpeg"}],"twitter_card":"summary_large_image","twitter_misc":{"Gesch\u00e4tzte Lesezeit":"2\u00a0Minuten"},"schema":{"@context":"https:\/\/schema.org","@graph":[{"@type":"WebPage","@id":"https:\/\/www.feuerwehr-halberstadt.de\/?page_id=16116","url":"https:\/\/www.feuerwehr-halberstadt.de\/?page_id=16116","name":"F\u00fchrungs- und Einsatzleitdienst - Feuerwehr Halberstadt","isPartOf":{"@id":"https:\/\/www.feuerwehr-halberstadt.de\/#website"},"primaryImageOfPage":{"@id":"https:\/\/www.feuerwehr-halberstadt.de\/?page_id=16116#primaryimage"},"image":{"@id":"https:\/\/www.feuerwehr-halberstadt.de\/?page_id=16116#primaryimage"},"thumbnailUrl":"https:\/\/www.feuerwehr-halberstadt.de\/wp-content\/uploads\/2025\/10\/FD-Wetzel-1024x1024.jpeg","datePublished":"2025-10-16T12:46:31+00:00","dateModified":"2025-11-02T07:53:57+00:00","breadcrumb":{"@id":"https:\/\/www.feuerwehr-halberstadt.de\/?page_id=16116#breadcrumb"},"inLanguage":"de","potentialAction":[{"@type":"ReadAction","target":["https:\/\/www.feuerwehr-halberstadt.de\/?page_id=16116"]}]},{"@type":"ImageObject","inLanguage":"de","@id":"https:\/\/www.feuerwehr-halberstadt.de\/?page_id=16116#primaryimage","url":"https:\/\/www.feuerwehr-halberstadt.de\/wp-content\/uploads\/2025\/10\/FD-Wetzel.jpeg","contentUrl":"https:\/\/www.feuerwehr-halberstadt.de\/wp-content\/uploads\/2025\/10\/FD-Wetzel.jpeg","width":1796,"height":1796},{"@type":"BreadcrumbList","@id":"https:\/\/www.feuerwehr-halberstadt.de\/?page_id=16116#breadcrumb","itemListElement":[{"@type":"ListItem","position":1,"name":"Startseite","item":"https:\/\/www.feuerwehr-halberstadt.de\/"},{"@type":"ListItem","position":2,"name":"F\u00fchrungs- und Einsatzleitdienst"}]},{"@type":"WebSite","@id":"https:\/\/www.feuerwehr-halberstadt.de\/#website","url":"https:\/\/www.feuerwehr-halberstadt.de\/","name":"Feuerwehr Halberstadt","description":"#imEinsatzf\u00fcrHalberstadt","publisher":{"@id":"https:\/\/www.feuerwehr-halberstadt.de\/#organization"},"potentialAction":[{"@type":"SearchAction","target":{"@type":"EntryPoint","urlTemplate":"https:\/\/www.feuerwehr-halberstadt.de\/?s={search_term_string}"},"query-input":{"@type":"PropertyValueSpecification","valueRequired":true,"valueName":"search_term_string"}}],"inLanguage":"de"},{"@type":"Organization","@id":"https:\/\/www.feuerwehr-halberstadt.de\/#organization","name":"Feuerwehr Halberstadt","url":"https:\/\/www.feuerwehr-halberstadt.de\/","logo":{"@type":"ImageObject","inLanguage":"de","@id":"https:\/\/www.feuerwehr-halberstadt.de\/#\/schema\/logo\/image\/","url":"https:\/\/www.feuerwehr-halberstadt.de\/wp-content\/uploads\/2023\/10\/IMG_0126.png","contentUrl":"https:\/\/www.feuerwehr-halberstadt.de\/wp-content\/uploads\/2023\/10\/IMG_0126.png","width":1500,"height":399,"caption":"Feuerwehr Halberstadt"},"image":{"@id":"https:\/\/www.feuerwehr-halberstadt.de\/#\/schema\/logo\/image\/"},"sameAs":["https:\/\/www.facebook.com\/FeuerwehrHalberstadt\/"]}]}},"_links":{"self":[{"href":"https:\/\/www.feuerwehr-halberstadt.de\/index.php?rest_route=\/wp\/v2\/pages\/16116","targetHints":{"allow":["GET"]}}],"collection":[{"href":"https:\/\/www.feuerwehr-halberstadt.de\/index.php?rest_route=\/wp\/v2\/pages"}],"about":[{"href":"https:\/\/www.feuerwehr-halberstadt.de\/index.php?rest_route=\/wp\/v2\/types\/page"}],"author":[{"embeddable":true,"href":"https:\/\/www.feuerwehr-halberstadt.de\/index.php?rest_route=\/wp\/v2\/users\/2"}],"replies":[{"embeddable":true,"href":"https:\/\/www.feuerwehr-halberstadt.de\/index.php?rest_route=%2Fwp%2Fv2%2Fcomments&post=16116"}],"version-history":[{"count":17,"href":"https:\/\/www.feuerwehr-halberstadt.de\/index.php?rest_route=\/wp\/v2\/pages\/16116\/revisions"}],"predecessor-version":[{"id":17480,"href":"https:\/\/www.feuerwehr-halberstadt.de\/index.php?rest_route=\/wp\/v2\/pages\/16116\/revisions\/17480"}],"wp:attachment":[{"href":"https:\/\/www.feuerwehr-halberstadt.de\/index.php?rest_route=%2Fwp%2Fv2%2Fmedia&parent=16116"}],"curies":[{"name":"wp","href":"https:\/\/api.w.org\/{rel}","templated":true}]}}